{"id":1183,"date":"2020-01-11T19:15:44","date_gmt":"2020-01-11T19:15:44","guid":{"rendered":"https:\/\/the7.io\/construction\/?page_id=1183"},"modified":"2020-06-05T18:23:32","modified_gmt":"2020-06-05T21:23:32","slug":"obras","status":"publish","type":"page","link":"https:\/\/www.aluviconstrucciones.com.ar\/index.php\/obras\/","title":{"rendered":"Obras"},"content":{"rendered":"<div class=\"wpb-content-wrapper\"><p>[vc_row][vc_column][vc_column_text]<strong>Aluvi en la Obra Publica<\/strong><\/p>\n<p>Nuestras pol\u00edticas de calidad tiene como meta lograr la m\u00e1xima satisfacci\u00f3n del cliente incrementando el valor agregado de las obras mediante la mejora continua y el constante contacto.<br \/>\nAcompa\u00f1ando a las principales contratistas del sector y con un compromiso por contribuir al desarrollo del espacio p\u00fablico. Las actividades realizadas por Aluvi Construcciones se centran, fundamentalmente en los servicios de obras p\u00fablicas con la realizaci\u00f3n de proyectos de gran complejidad.<\/p>\n<p>Es objetivo prioritario de nuestra organizaci\u00f3n tener y mantener en todo el \u00e1mbito de la empresa asegurando los est\u00e1ndares de calidad y el cumplimiento de plazos.<\/p>\n<p>&nbsp;<\/p>\n<p><strong>Aluvi en obras Privadas<\/strong><\/p>\n<p>El l\u00edmite es la imaginaci\u00f3n y ser una empresa que ha superado una trayectoria de m\u00e1s de 40 a\u00f1os de experiencia en la fabricaci\u00f3n de aberturas, cerramientos de aluminio y provisi\u00f3n de cristales, nos ha llevado a cruzar los l\u00edmites de lo com\u00fan para ofrecer sencillamente lo mejor que el mercado pueda ofrecer.<br \/>\nDesde siempre nuestro fin es la excelencia, combinando materiales y accesorios con los m\u00e1s altos est\u00e1ndares de calidad, acompa\u00f1ados por las mejores marcas, y como valor agregado, una excelente mano de obra, tanto en la producci\u00f3n como en la colocaci\u00f3n del producto terminado.<br \/>\nAluvi Construcciones es sin\u00f3nimo de aberturas y cristales confiables, alta belleza, adoptadas en funci\u00f3n de las exigencias cotidianas.[\/vc_column_text][\/vc_column][\/vc_row][vc_row full_width=&#8221;stretch_row_content_no_spaces&#8221;][vc_column]<style type=\"text\/css\" data-type=\"the7_shortcodes-inline-css\">.gallery-carousel-shortcode.gallery-carousel-shortcode-id-97ed4a715e59d0440251c0125883cfde .owl-nav a {\n  width: 36px;\n  height: 36px;\n  border-radius: 500px;\n}\n.dt-arrow-border-on.gallery-carousel-shortcode.gallery-carousel-shortcode-id-97ed4a715e59d0440251c0125883cfde .owl-nav a:not(:hover):before {\n  border-width: 0px;\n}\n.dt-arrow-hover-border-on.gallery-carousel-shortcode.gallery-carousel-shortcode-id-97ed4a715e59d0440251c0125883cfde .owl-nav a:hover:after {\n  border-width: 0px;\n}\n.gallery-carousel-shortcode.gallery-carousel-shortcode-id-97ed4a715e59d0440251c0125883cfde .owl-nav a.owl-prev {\n  top: 50%;\n  transform: translateY(calc(-50% + 0px));\n  left: -43px;\n}\n@media all and (-ms-high-contrast: none) {\n  .gallery-carousel-shortcode.gallery-carousel-shortcode-id-97ed4a715e59d0440251c0125883cfde .owl-nav a.owl-prev {\n    transform: translateY(-50%);\n    margin-top: 0px;\n  }\n}\n.gallery-carousel-shortcode.gallery-carousel-shortcode-id-97ed4a715e59d0440251c0125883cfde .owl-nav a.owl-prev i {\n  padding: 0px 0px 0px 0px;\n}\n.gallery-carousel-shortcode.gallery-carousel-shortcode-id-97ed4a715e59d0440251c0125883cfde .owl-nav a.owl-next {\n  top: 50%;\n  transform: translateY(calc(-50% + 0px));\n  right: -43px;\n}\n@media all and (-ms-high-contrast: none) {\n  .gallery-carousel-shortcode.gallery-carousel-shortcode-id-97ed4a715e59d0440251c0125883cfde .owl-nav a.owl-next {\n    transform: translateY(-50%);\n    margin-top: 0px;\n  }\n}\n.gallery-carousel-shortcode.gallery-carousel-shortcode-id-97ed4a715e59d0440251c0125883cfde .owl-nav a.owl-next i {\n  padding: 0px 0px 0px 0px;\n}\n.gallery-carousel-shortcode.gallery-carousel-shortcode-id-97ed4a715e59d0440251c0125883cfde .owl-nav i {\n  font-size: 18px;\n}\n.gallery-carousel-shortcode.gallery-carousel-shortcode-id-97ed4a715e59d0440251c0125883cfde .owl-nav a:not(:hover) i,\n.gallery-carousel-shortcode.gallery-carousel-shortcode-id-97ed4a715e59d0440251c0125883cfde .owl-nav a:not(:hover) i:before {\n  color: #ffffff;\n  background: none;\n}\n.gallery-carousel-shortcode.gallery-carousel-shortcode-id-97ed4a715e59d0440251c0125883cfde .owl-nav a:hover i,\n.gallery-carousel-shortcode.gallery-carousel-shortcode-id-97ed4a715e59d0440251c0125883cfde .owl-nav a:hover i:before {\n  color: rgba(255,255,255,0.75);\n  background: none;\n}\n.gallery-carousel-shortcode.gallery-carousel-shortcode-id-97ed4a715e59d0440251c0125883cfde .owl-dots {\n  top: calc(100% + 20px);\n  left: 50%;\n  transform: translateX(calc(-50% + 0px));\n}\n@media all and (-ms-high-contrast: none) {\n  .gallery-carousel-shortcode.gallery-carousel-shortcode-id-97ed4a715e59d0440251c0125883cfde .owl-dots {\n    transform: translateX(-50%);\n    margin-left: 0px;\n  }\n}\n.gallery-carousel-shortcode.gallery-carousel-shortcode-id-97ed4a715e59d0440251c0125883cfde .owl-dot {\n  width: 10px;\n  height: 10px;\n  margin: 0 8px;\n}\n@media screen and (max-width: 778px) {\n  .gallery-carousel-shortcode.gallery-carousel-shortcode-id-97ed4a715e59d0440251c0125883cfde.hide-arrows .owl-nav a {\n    display: none;\n  }\n}\n@media screen and (max-width: 778px) {\n  .gallery-carousel-shortcode.gallery-carousel-shortcode-id-97ed4a715e59d0440251c0125883cfde.reposition-arrows .owl-nav .owl-prev {\n    top: 50%;\n    transform: translateY(calc(-50% + 0px));\n    left: 10px;\n  }\n  .gallery-carousel-shortcode.gallery-carousel-shortcode-id-97ed4a715e59d0440251c0125883cfde.reposition-arrows .owl-nav .owl-next {\n    top: 50%;\n    transform: translateY(calc(-50% + 0px));\n    right: 10px;\n  }\n}\n@media screen and (max-width: 778px) and all and (-ms-high-contrast: none) {\n  .gallery-carousel-shortcode.gallery-carousel-shortcode-id-97ed4a715e59d0440251c0125883cfde.reposition-arrows .owl-nav .owl-prev {\n    transform: translateY(-50%);\n    margin-top: 0px;\n  }\n}\n@media screen and (max-width: 778px) and all and (-ms-high-contrast: none) {\n  .gallery-carousel-shortcode.gallery-carousel-shortcode-id-97ed4a715e59d0440251c0125883cfde.reposition-arrows .owl-nav .owl-next {\n    transform: translateY(-50%);\n    margin-top: 0px;\n  }\n}\n.gallery-carousel-shortcode.gallery-carousel-shortcode-id-97ed4a715e59d0440251c0125883cfde figure,\n.gallery-carousel-shortcode.gallery-carousel-shortcode-id-97ed4a715e59d0440251c0125883cfde .rollover,\n.gallery-carousel-shortcode.gallery-carousel-shortcode-id-97ed4a715e59d0440251c0125883cfde img,\n.gallery-carousel-shortcode.gallery-carousel-shortcode-id-97ed4a715e59d0440251c0125883cfde .gallery-rollover {\n  border-radius: 0px;\n}\n.gallery-carousel-shortcode.gallery-carousel-shortcode-id-97ed4a715e59d0440251c0125883cfde.enable-bg-rollover .gallery-rollover {\n  background: -webkit-linear-gradient();\n  background: linear-gradient();\n}\n.gallery-carousel-shortcode.gallery-carousel-shortcode-id-97ed4a715e59d0440251c0125883cfde.enable-img-shadow .owl-stage-outer {\n  padding: 14px 0;\n}\n.gallery-carousel-shortcode.gallery-carousel-shortcode-id-97ed4a715e59d0440251c0125883cfde.enable-bg-rollover.hover-scale figure .rollover:after {\n  background: -webkit-linear-gradient();\n  background: linear-gradient();\n}\n.gallery-carousel-shortcode.gallery-carousel-shortcode-id-97ed4a715e59d0440251c0125883cfde.gallery-shortcode .gallery-zoom-ico {\n  width: 44px;\n  height: 44px;\n  line-height: 44px;\n  border-radius: 100px;\n  margin: -22px 0 0 -22px;\n  border-width: 0px;\n}\n.dt-icon-bg-on.gallery-carousel-shortcode.gallery-carousel-shortcode-id-97ed4a715e59d0440251c0125883cfde.gallery-shortcode .gallery-zoom-ico {\n  background: rgba(255,255,255,0.3);\n  box-shadow: none;\n}\n.gallery-carousel-shortcode.gallery-carousel-shortcode-id-97ed4a715e59d0440251c0125883cfde.gallery-shortcode .gallery-zoom-ico:before,\n.gallery-carousel-shortcode.gallery-carousel-shortcode-id-97ed4a715e59d0440251c0125883cfde.gallery-shortcode .gallery-zoom-ico span {\n  font-size: 32px;\n  line-height: 44px;\n  color: #ffffff;\n  background: none;\n}\n<\/style><div class=\"owl-carousel gallery-carousel-shortcode gallery-shortcode  dt-gallery-container dt-owl-carousel-call gallery-carousel-shortcode-id-97ed4a715e59d0440251c0125883cfde quick-scale-img enable-bg-rollover meta-info-off dt-arrow-border-on dt-arrow-hover-border-on bullets-small-dot-stroke reposition-arrows dt-icon-bg-off arrows-bg-on disable-arrows-hover-bg arrows-hover-bg-on  hover-fade \" data-scroll-mode=\"1\" data-col-num=\"6\" data-wide-col-num=\"6\" data-laptop-col=\"5\" data-h-tablet-columns-num=\"4\" data-v-tablet-columns-num=\"3\" data-phone-columns-num=\"1\" data-col-gap=\"10\" data-stage-padding=\"0\" data-speed=\"600\" data-autoplay=\"false\" data-autoplay_speed=\"6000\" data-arrows=\"true\" data-bullet=\"false\" data-next-icon=\"icon-ar-017-r\" data-prev-icon=\"icon-ar-017-l\" data-img-shadow-size=\"12px\" data-img-shadow-spread=\"3px\"><div data-post-id=\"1740\" data-date=\"2020-06-05T18:01:13-03:00\" data-name=\"Aluvi  Construcciones S.A.\"><figure class=\"post\"><a href=\"https:\/\/www.aluviconstrucciones.com.ar\/wp-content\/uploads\/2020\/06\/architectural-design-architecture-building-business-358530-scaled.jpg\" class=\"rollover dt-pswp-item layzr-bg\" data-large_image_width=\"2560\" data-large_image_height=\"1920\" data-dt-img-description=\"\" title=\"Aluvi  Construcciones S.A.\"><img fetchpriority=\"high\" decoding=\"async\" class=\"preload-me owl-lazy-load aspect\" src=\"data:image\/svg+xml,%3Csvg%20xmlns%3D&#39;http%3A%2F%2Fwww.w3.org%2F2000%2Fsvg&#39;%20viewBox%3D&#39;0%200%201920%201920&#39;%2F%3E\" data-src=\"https:\/\/www.aluviconstrucciones.com.ar\/wp-content\/uploads\/2020\/06\/architectural-design-architecture-building-business-358530-scaled-1920x1920.jpg\" data-srcset=\"https:\/\/www.aluviconstrucciones.com.ar\/wp-content\/uploads\/2020\/06\/architectural-design-architecture-building-business-358530-scaled-1920x1920.jpg 1920w\" loading=\"eager\" style=\"--ratio: 1920 \/ 1920\" sizes=\"(max-width: 1920px) 100vw, 1920px\" alt=\"\" width=\"1920\" height=\"1920\"  \/><span class=\"gallery-rollover\"><span class=\"gallery-zoom-ico icomoon-the7-font-the7-zoom-06\"><span><\/span><\/span><\/span><\/a><\/figure><\/div><div data-post-id=\"1741\" data-date=\"2020-06-05T18:02:57-03:00\" data-name=\"Aluvi  Construcciones S.A.\"><figure class=\"post\"><a href=\"https:\/\/www.aluviconstrucciones.com.ar\/wp-content\/uploads\/2020\/06\/brown-and-blue-high-rise-building-1045405-scaled.jpg\" class=\"rollover dt-pswp-item layzr-bg\" data-large_image_width=\"2560\" data-large_image_height=\"1707\" data-dt-img-description=\"\" title=\"Aluvi  Construcciones S.A.\"><img decoding=\"async\" class=\"preload-me owl-lazy-load aspect\" src=\"data:image\/svg+xml,%3Csvg%20xmlns%3D&#39;http%3A%2F%2Fwww.w3.org%2F2000%2Fsvg&#39;%20viewBox%3D&#39;0%200%201707%201707&#39;%2F%3E\" data-src=\"https:\/\/www.aluviconstrucciones.com.ar\/wp-content\/uploads\/2020\/06\/brown-and-blue-high-rise-building-1045405-scaled-1707x1707.jpg\" data-srcset=\"https:\/\/www.aluviconstrucciones.com.ar\/wp-content\/uploads\/2020\/06\/brown-and-blue-high-rise-building-1045405-scaled-1707x1707.jpg 1707w\" loading=\"eager\" style=\"--ratio: 1707 \/ 1707\" sizes=\"(max-width: 1707px) 100vw, 1707px\" alt=\"\" width=\"1707\" height=\"1707\"  \/><span class=\"gallery-rollover\"><span class=\"gallery-zoom-ico icomoon-the7-font-the7-zoom-06\"><span><\/span><\/span><\/span><\/a><\/figure><\/div><div data-post-id=\"1742\" data-date=\"2020-06-05T18:05:55-03:00\" data-name=\"Aluvi  Construcciones S.A.\"><figure class=\"post\"><a href=\"https:\/\/www.aluviconstrucciones.com.ar\/wp-content\/uploads\/2020\/06\/curtain-wall-building-2825381-scaled.jpg\" class=\"rollover dt-pswp-item layzr-bg\" data-large_image_width=\"1707\" data-large_image_height=\"2560\" data-dt-img-description=\"\" title=\"Aluvi  Construcciones S.A.\"><img decoding=\"async\" class=\"preload-me owl-lazy-load aspect\" src=\"data:image\/svg+xml,%3Csvg%20xmlns%3D&#39;http%3A%2F%2Fwww.w3.org%2F2000%2Fsvg&#39;%20viewBox%3D&#39;0%200%201707%201707&#39;%2F%3E\" data-src=\"https:\/\/www.aluviconstrucciones.com.ar\/wp-content\/uploads\/2020\/06\/curtain-wall-building-2825381-scaled-1707x1707.jpg\" data-srcset=\"https:\/\/www.aluviconstrucciones.com.ar\/wp-content\/uploads\/2020\/06\/curtain-wall-building-2825381-scaled-1707x1707.jpg 1707w\" loading=\"eager\" style=\"--ratio: 1707 \/ 1707\" sizes=\"(max-width: 1707px) 100vw, 1707px\" alt=\"\" width=\"1707\" height=\"1707\"  \/><span class=\"gallery-rollover\"><span class=\"gallery-zoom-ico icomoon-the7-font-the7-zoom-06\"><span><\/span><\/span><\/span><\/a><\/figure><\/div><div data-post-id=\"1743\" data-date=\"2020-06-05T18:09:52-03:00\" data-name=\"Aluvi  Construcciones S.A.\"><figure class=\"post\"><a href=\"https:\/\/www.aluviconstrucciones.com.ar\/wp-content\/uploads\/2020\/06\/low-angle-photography-of-30-st-mary-axe-1397752-scaled.jpg\" class=\"rollover dt-pswp-item layzr-bg\" data-large_image_width=\"1707\" data-large_image_height=\"2560\" data-dt-img-description=\"\" title=\"Aluvi  Construcciones S.A.\"><img decoding=\"async\" class=\"preload-me owl-lazy-load aspect\" src=\"data:image\/svg+xml,%3Csvg%20xmlns%3D&#39;http%3A%2F%2Fwww.w3.org%2F2000%2Fsvg&#39;%20viewBox%3D&#39;0%200%201707%201707&#39;%2F%3E\" data-src=\"https:\/\/www.aluviconstrucciones.com.ar\/wp-content\/uploads\/2020\/06\/low-angle-photography-of-30-st-mary-axe-1397752-scaled-1707x1707.jpg\" data-srcset=\"https:\/\/www.aluviconstrucciones.com.ar\/wp-content\/uploads\/2020\/06\/low-angle-photography-of-30-st-mary-axe-1397752-scaled-1707x1707.jpg 1707w\" loading=\"eager\" style=\"--ratio: 1707 \/ 1707\" sizes=\"(max-width: 1707px) 100vw, 1707px\" alt=\"\" width=\"1707\" height=\"1707\"  \/><span class=\"gallery-rollover\"><span class=\"gallery-zoom-ico icomoon-the7-font-the7-zoom-06\"><span><\/span><\/span><\/span><\/a><\/figure><\/div><div data-post-id=\"1744\" data-date=\"2020-06-05T18:12:20-03:00\" data-name=\"Aluvi  Construcciones S.A.\"><figure class=\"post\"><a href=\"https:\/\/www.aluviconstrucciones.com.ar\/wp-content\/uploads\/2020\/06\/low-angle-photo-of-balconies-2462015-scaled.jpg\" class=\"rollover dt-pswp-item layzr-bg\" data-large_image_width=\"1707\" data-large_image_height=\"2560\" data-dt-img-description=\"\" title=\"Aluvi  Construcciones S.A.\"><img decoding=\"async\" class=\"preload-me owl-lazy-load aspect\" src=\"data:image\/svg+xml,%3Csvg%20xmlns%3D&#39;http%3A%2F%2Fwww.w3.org%2F2000%2Fsvg&#39;%20viewBox%3D&#39;0%200%201707%201707&#39;%2F%3E\" data-src=\"https:\/\/www.aluviconstrucciones.com.ar\/wp-content\/uploads\/2020\/06\/low-angle-photo-of-balconies-2462015-scaled-1707x1707.jpg\" data-srcset=\"https:\/\/www.aluviconstrucciones.com.ar\/wp-content\/uploads\/2020\/06\/low-angle-photo-of-balconies-2462015-scaled-1707x1707.jpg 1707w\" loading=\"eager\" style=\"--ratio: 1707 \/ 1707\" sizes=\"(max-width: 1707px) 100vw, 1707px\" alt=\"\" width=\"1707\" height=\"1707\"  \/><span class=\"gallery-rollover\"><span class=\"gallery-zoom-ico icomoon-the7-font-the7-zoom-06\"><span><\/span><\/span><\/span><\/a><\/figure><\/div><div data-post-id=\"1745\" data-date=\"2020-06-05T18:20:33-03:00\" data-name=\"Aluvi  Construcciones S.A.\"><figure class=\"post\"><a href=\"https:\/\/www.aluviconstrucciones.com.ar\/wp-content\/uploads\/2020\/06\/low-angle-photo-of-four-high-rise-curtain-wall-buildings-830891-scaled.jpg\" class=\"rollover dt-pswp-item layzr-bg\" data-large_image_width=\"2560\" data-large_image_height=\"1704\" data-dt-img-description=\"\" title=\"Aluvi  Construcciones S.A.\"><img decoding=\"async\" class=\"preload-me owl-lazy-load aspect\" src=\"data:image\/svg+xml,%3Csvg%20xmlns%3D&#39;http%3A%2F%2Fwww.w3.org%2F2000%2Fsvg&#39;%20viewBox%3D&#39;0%200%201704%201704&#39;%2F%3E\" data-src=\"https:\/\/www.aluviconstrucciones.com.ar\/wp-content\/uploads\/2020\/06\/low-angle-photo-of-four-high-rise-curtain-wall-buildings-830891-scaled-1704x1704.jpg\" data-srcset=\"https:\/\/www.aluviconstrucciones.com.ar\/wp-content\/uploads\/2020\/06\/low-angle-photo-of-four-high-rise-curtain-wall-buildings-830891-scaled-1704x1704.jpg 1704w\" loading=\"eager\" style=\"--ratio: 1704 \/ 1704\" sizes=\"(max-width: 1704px) 100vw, 1704px\" alt=\"\" width=\"1704\" height=\"1704\"  \/><span class=\"gallery-rollover\"><span class=\"gallery-zoom-ico icomoon-the7-font-the7-zoom-06\"><span><\/span><\/span><\/span><\/a><\/figure><\/div><div data-post-id=\"1746\" data-date=\"2020-06-05T18:22:39-03:00\" data-name=\"Aluvi  Construcciones S.A.\"><figure class=\"post\"><a href=\"https:\/\/www.aluviconstrucciones.com.ar\/wp-content\/uploads\/2020\/06\/person-standing-on-balcony-2462767-scaled.jpg\" class=\"rollover dt-pswp-item layzr-bg\" data-large_image_width=\"1707\" data-large_image_height=\"2560\" data-dt-img-description=\"\" title=\"Aluvi  Construcciones S.A.\"><img decoding=\"async\" class=\"preload-me owl-lazy-load aspect\" src=\"data:image\/svg+xml,%3Csvg%20xmlns%3D&#39;http%3A%2F%2Fwww.w3.org%2F2000%2Fsvg&#39;%20viewBox%3D&#39;0%200%201707%201707&#39;%2F%3E\" data-src=\"https:\/\/www.aluviconstrucciones.com.ar\/wp-content\/uploads\/2020\/06\/person-standing-on-balcony-2462767-scaled-1707x1707.jpg\" data-srcset=\"https:\/\/www.aluviconstrucciones.com.ar\/wp-content\/uploads\/2020\/06\/person-standing-on-balcony-2462767-scaled-1707x1707.jpg 1707w\" loading=\"eager\" style=\"--ratio: 1707 \/ 1707\" sizes=\"(max-width: 1707px) 100vw, 1707px\" alt=\"\" width=\"1707\" height=\"1707\"  \/><span class=\"gallery-rollover\"><span class=\"gallery-zoom-ico icomoon-the7-font-the7-zoom-06\"><span><\/span><\/span><\/span><\/a><\/figure><\/div><\/div>[\/vc_column][\/vc_row]<\/p>\n<\/div>","protected":false},"excerpt":{"rendered":"<p>[vc_row][vc_column][vc_column_text]Aluvi en la Obra Publica Nuestras pol\u00edticas de calidad tiene como meta lograr la m\u00e1xima satisfacci\u00f3n del cliente incrementando el valor agregado de las obras mediante la mejora continua y el constante contacto. Acompa\u00f1ando a las principales contratistas del sector y con un compromiso por contribuir al desarrollo del espacio p\u00fablico. Las actividades realizadas por&hellip;<\/p>\n","protected":false},"author":1,"featured_media":0,"parent":0,"menu_order":0,"comment_status":"closed","ping_status":"closed","template":"","meta":{"footnotes":"","_joinchat":[]},"_links":{"self":[{"href":"https:\/\/www.aluviconstrucciones.com.ar\/index.php\/wp-json\/wp\/v2\/pages\/1183"}],"collection":[{"href":"https:\/\/www.aluviconstrucciones.com.ar\/index.php\/wp-json\/wp\/v2\/pages"}],"about":[{"href":"https:\/\/www.aluviconstrucciones.com.ar\/index.php\/wp-json\/wp\/v2\/types\/page"}],"author":[{"embeddable":true,"href":"https:\/\/www.aluviconstrucciones.com.ar\/index.php\/wp-json\/wp\/v2\/users\/1"}],"replies":[{"embeddable":true,"href":"https:\/\/www.aluviconstrucciones.com.ar\/index.php\/wp-json\/wp\/v2\/comments?post=1183"}],"version-history":[{"count":4,"href":"https:\/\/www.aluviconstrucciones.com.ar\/index.php\/wp-json\/wp\/v2\/pages\/1183\/revisions"}],"predecessor-version":[{"id":1747,"href":"https:\/\/www.aluviconstrucciones.com.ar\/index.php\/wp-json\/wp\/v2\/pages\/1183\/revisions\/1747"}],"wp:attachment":[{"href":"https:\/\/www.aluviconstrucciones.com.ar\/index.php\/wp-json\/wp\/v2\/media?parent=1183"}],"curies":[{"name":"wp","href":"https:\/\/api.w.org\/{rel}","templated":true}]}}