{"id":1207,"date":"2016-06-14T01:53:06","date_gmt":"2016-06-14T00:53:06","guid":{"rendered":"https:\/\/the7.io\/construction\/?page_id=2"},"modified":"2023-02-23T22:20:16","modified_gmt":"2023-02-24T01:20:16","slug":"home","status":"publish","type":"page","link":"https:\/\/www.aluviconstrucciones.com.ar\/","title":{"rendered":"Home"},"content":{"rendered":"<div class=\"wpb-content-wrapper\"><p>[vc_row equal_height=&#8221;yes&#8221; type=&#8221;vc_default&#8221; css=&#8221;.vc_custom_1493832879938{padding-top: 70px !important;padding-bottom: 30px !important;}&#8221;][vc_column]<div id=\"ultimate-heading-107269f2ad0d53c7e\" class=\"uvc-heading ult-adjust-bottom-margin ultimate-heading-107269f2ad0d53c7e uvc-2939 accent-border-color\" data-hspacer=\"line_only\"  data-halign=\"left\" style=\"text-align:left\"><div class=\"uvc-main-heading ult-responsive\"  data-ultimate-target='.uvc-heading.ultimate-heading-107269f2ad0d53c7e h2'  data-responsive-json-new='{\"font-size\":\"desktop:26px;\",\"line-height\":\"desktop:36px;\"}' ><h2 style=\"font-weight:bold;\">\u00bfQui\u00e9nes Somos?<\/h2><\/div><div class=\"uvc-heading-spacer line_only\" style=\"margin-top:15px;margin-bottom:50px;height:4px;\"><span class=\"uvc-headings-line\" style=\"border-style:solid;border-bottom-width:4px;border-color:;width:50px;\"><\/span><\/div><\/div>[vc_column_text]Somos una empresa familiar fundada hace m\u00e1s de 40 a\u00f1os, dedicada a la distribuci\u00f3n oficial de vidrio y aluminio.<\/p>\n<p>Conocidos por nuestra gran trayectoria en la industria y crecimiento a trav\u00e9s de los a\u00f1os, hoy contamos con 4 puntos de distribuci\u00f3n en los cuales trabajamos para satisfacer los aspectos t\u00e9cnicos de los proyectos m\u00e1s desafiantes con maquinaria y tecnolog\u00eda de avanzada.<\/p>\n<p>[\/vc_column_text][\/vc_column][\/vc_row][vc_row bg_type=&#8221;image&#8221; parallax_style=&#8221;vcpb-default&#8221; bg_image_new=&#8221;id^1838|url^https:\/\/www.aluviconstrucciones.com.ar\/wp-content\/uploads\/2023\/02\/glass-railing-designs-for-the-balcony-1.jpg|caption^null|alt^null|title^glass-railing-designs-for-the-balcony-1|description^null&#8221; bg_image_repeat=&#8221;no-repeat&#8221; bg_override=&#8221;full&#8221; enable_overlay=&#8221;enable_overlay_value&#8221; overlay_color=&#8221;rgba(0,0,0,0.5)&#8221; type=&#8221;vc_default&#8221; css=&#8221;.vc_custom_1677201608456{padding-top: 70px !important;padding-bottom: 80px !important;}&#8221;][vc_column width=&#8221;2\/3&#8243;]<div id=\"ultimate-heading-918469f2ad0d53cbc\" class=\"uvc-heading ult-adjust-bottom-margin ultimate-heading-918469f2ad0d53cbc uvc-1576 \" data-hspacer=\"no_spacer\"  data-halign=\"left\" style=\"text-align:left\"><div class=\"uvc-heading-spacer no_spacer\" style=\"top\"><\/div><div class=\"uvc-main-heading ult-responsive\"  data-ultimate-target='.uvc-heading.ultimate-heading-918469f2ad0d53cbc h2'  data-responsive-json-new='{\"font-size\":\"desktop:32px;\",\"line-height\":\"desktop:42px;\"}' ><h2 style=\"font-weight:bold;color:#ffffff;margin-bottom:20px;\">\u00bfQuer\u00e9s Realizar Un Pedido?<\/h2><\/div><div class=\"uvc-sub-heading ult-responsive\"  data-ultimate-target='.uvc-heading.ultimate-heading-918469f2ad0d53cbc .uvc-sub-heading '  data-responsive-json-new='{\"font-size\":\"desktop:18px;\",\"line-height\":\"desktop:30px;\"}'  style=\"font-weight:normal;color:#ffffff;margin-bottom:30px;\">Dejanos tus datos de contacto y que tipo detalles sobre tu obra y te enviaremos una cotizaci\u00f3n a la brevedad!<\/div><\/div><style type=\"text\/css\" data-type=\"the7_shortcodes-inline-css\">#default-btn-0eef58d575dacdf48d1b1a9262241271.ico-right-side > i {\n  margin-right: 0px;\n  margin-left: 8px;\n}\n#default-btn-0eef58d575dacdf48d1b1a9262241271 > i {\n  margin-right: 8px;\n}\n<\/style><div class=\"btn-align-left\"><a href=\"http:\/\/www.aluviconstrucciones.com.ar\/web\/index.php\/contacto\/\" class=\"default-btn-shortcode dt-btn dt-btn-m link-hover-off \" id=\"default-btn-0eef58d575dacdf48d1b1a9262241271\"><span>Contactar<\/span><\/a><\/div>[\/vc_column][\/vc_row][vc_row bg_type=&#8221;bg_color&#8221; bg_override=&#8221;ex-full&#8221; type=&#8221;vc_default&#8221; css=&#8221;.vc_custom_1493832916383{padding-top: 70px !important;padding-bottom: 80px !important;}&#8221;][vc_column width=&#8221;1\/4&#8243; css=&#8221;.vc_custom_1461848776706{border-radius: 1px !important;}&#8221;]<div class=\"stats-block stats-top  \"><div class=\"aio-icon-top\"><div class=\"ult-just-icon-wrapper  \"><div class=\"align-icon\" style=\"text-align:center;\">\n<div class=\"aio-icon none \"  style=\"color:#333333;font-size:32px;display:inline-block;\">\n\t<i class=\"fas fa-border-all\"><\/i>\n<\/div><\/div><\/div><\/div><div class=\"stats-desc\" id=\"counter-responsv-wrap-2067\"><div id=\"counter_282703489869f2ad0d5411a\" data-id=\"counter_282703489869f2ad0d5411a\"  data-ultimate-target='#counter-responsv-wrap-2067 .stats-number'  data-responsive-json-new='{\"font-size\":\"\",\"line-height\":\"\"}'  class=\"stats-number ult-responsive\" style=\"font-size:28px;  \" data-speed=\"3\" data-counter-value=\"5100000\" data-separator=\".\" data-decimal=\".\">0<\/div><div id=\"title-counter_282703489869f2ad0d5411a\"  data-ultimate-target='#counter-responsv-wrap-2067 .stats-text'  data-responsive-json-new='{\"font-size\":\"\",\"line-height\":\"\"}'  class=\"stats-text ult-responsive\" style=\"font-size:18px;  \">M\u00b2 de Vidrio<\/div><\/div><\/div>[\/vc_column][vc_column width=&#8221;1\/4&#8243;]<div class=\"stats-block stats-top  \"><div class=\"aio-icon-top\"><div class=\"ult-just-icon-wrapper  \"><div class=\"align-icon\" style=\"text-align:center;\">\n<div class=\"aio-icon none \"  style=\"color:#333333;font-size:32px;display:inline-block;\">\n\t<i class=\"far fa-calendar-check\"><\/i>\n<\/div><\/div><\/div><\/div><div class=\"stats-desc\" id=\"counter-responsv-wrap-8942\"><div id=\"counter_79359459869f2ad0d541e8\" data-id=\"counter_79359459869f2ad0d541e8\"  data-ultimate-target='#counter-responsv-wrap-8942 .stats-number'  data-responsive-json-new='{\"font-size\":\"\",\"line-height\":\"\"}'  class=\"stats-number ult-responsive\" style=\"font-size:28px;  \" data-speed=\"3\" data-counter-value=\"47\" data-separator=\".\" data-decimal=\".\">0<\/div><div id=\"title-counter_79359459869f2ad0d541e8\"  data-ultimate-target='#counter-responsv-wrap-8942 .stats-text'  data-responsive-json-new='{\"font-size\":\"\",\"line-height\":\"\"}'  class=\"stats-text ult-responsive\" style=\"font-size:18px;  \">A\u00f1os de Experiencia<\/div><\/div><\/div>[\/vc_column][vc_column width=&#8221;1\/4&#8243;]<div class=\"stats-block stats-top  \"><div class=\"aio-icon-top\"><div class=\"ult-just-icon-wrapper  \"><div class=\"align-icon\" style=\"text-align:center;\">\n<div class=\"aio-icon none \"  style=\"color:#333333;font-size:32px;display:inline-block;\">\n\t<i class=\"fas fa-people-carry\"><\/i>\n<\/div><\/div><\/div><\/div><div class=\"stats-desc\" id=\"counter-responsv-wrap-1700\"><div id=\"counter_8570330469f2ad0d5428c\" data-id=\"counter_8570330469f2ad0d5428c\"  data-ultimate-target='#counter-responsv-wrap-1700 .stats-number'  data-responsive-json-new='{\"font-size\":\"\",\"line-height\":\"\"}'  class=\"stats-number ult-responsive\" style=\"font-size:28px;  \" data-speed=\"3\" data-counter-value=\"65\" data-separator=\".\" data-decimal=\".\">0<\/div><div id=\"title-counter_8570330469f2ad0d5428c\"  data-ultimate-target='#counter-responsv-wrap-1700 .stats-text'  data-responsive-json-new='{\"font-size\":\"\",\"line-height\":\"\"}'  class=\"stats-text ult-responsive\" style=\"font-size:18px;  \">Empleados<\/div><\/div><\/div>[\/vc_column][vc_column width=&#8221;1\/4&#8243;]<div class=\"stats-block stats-top  \"><div class=\"aio-icon-top\"><div class=\"ult-just-icon-wrapper  \"><div class=\"align-icon\" style=\"text-align:center;\">\n<div class=\"aio-icon none \"  style=\"color:#333333;font-size:32px;display:inline-block;\">\n\t<i class=\"fas fa-archway\"><\/i>\n<\/div><\/div><\/div><\/div><div class=\"stats-desc\" id=\"counter-responsv-wrap-4829\"><div id=\"counter_300537338269f2ad0d5432f\" data-id=\"counter_300537338269f2ad0d5432f\"  data-ultimate-target='#counter-responsv-wrap-4829 .stats-number'  data-responsive-json-new='{\"font-size\":\"\",\"line-height\":\"\"}'  class=\"stats-number ult-responsive\" style=\"font-size:28px;  \" data-speed=\"3\" data-counter-value=\"5832\" data-separator=\".\" data-decimal=\".\">0<\/div><div id=\"title-counter_300537338269f2ad0d5432f\"  data-ultimate-target='#counter-responsv-wrap-4829 .stats-text'  data-responsive-json-new='{\"font-size\":\"\",\"line-height\":\"\"}'  class=\"stats-text ult-responsive\" style=\"font-size:18px;  \">Obras Realizadas<\/div><\/div><\/div>[\/vc_column][\/vc_row]<\/p>\n<\/div>","protected":false},"excerpt":{"rendered":"<p>[vc_row equal_height=&#8221;yes&#8221; type=&#8221;vc_default&#8221; css=&#8221;.vc_custom_1493832879938{padding-top: 70px !important;padding-bottom: 30px !important;}&#8221;][vc_column][vc_column_text]Somos una empresa familiar fundada hace m\u00e1s de 40 a\u00f1os, dedicada a la distribuci\u00f3n oficial de vidrio y aluminio. Conocidos por nuestra gran trayectoria en la industria y crecimiento a trav\u00e9s de los a\u00f1os, hoy contamos con 4 puntos de distribuci\u00f3n en los cuales trabajamos para satisfacer los&hellip;<\/p>\n","protected":false},"author":1,"featured_media":0,"parent":0,"menu_order":0,"comment_status":"closed","ping_status":"closed","template":"","meta":{"footnotes":"","_joinchat":[]},"_links":{"self":[{"href":"https:\/\/www.aluviconstrucciones.com.ar\/index.php\/wp-json\/wp\/v2\/pages\/1207"}],"collection":[{"href":"https:\/\/www.aluviconstrucciones.com.ar\/index.php\/wp-json\/wp\/v2\/pages"}],"about":[{"href":"https:\/\/www.aluviconstrucciones.com.ar\/index.php\/wp-json\/wp\/v2\/types\/page"}],"author":[{"embeddable":true,"href":"https:\/\/www.aluviconstrucciones.com.ar\/index.php\/wp-json\/wp\/v2\/users\/1"}],"replies":[{"embeddable":true,"href":"https:\/\/www.aluviconstrucciones.com.ar\/index.php\/wp-json\/wp\/v2\/comments?post=1207"}],"version-history":[{"count":20,"href":"https:\/\/www.aluviconstrucciones.com.ar\/index.php\/wp-json\/wp\/v2\/pages\/1207\/revisions"}],"predecessor-version":[{"id":1839,"href":"https:\/\/www.aluviconstrucciones.com.ar\/index.php\/wp-json\/wp\/v2\/pages\/1207\/revisions\/1839"}],"wp:attachment":[{"href":"https:\/\/www.aluviconstrucciones.com.ar\/index.php\/wp-json\/wp\/v2\/media?parent=1207"}],"curies":[{"name":"wp","href":"https:\/\/api.w.org\/{rel}","templated":true}]}}