{"id":1363,"date":"2020-03-24T23:16:21","date_gmt":"2020-03-25T02:16:21","guid":{"rendered":"http:\/\/www.aluviconstrucciones.com.ar\/?page_id=1363"},"modified":"2020-06-11T16:09:32","modified_gmt":"2020-06-11T19:09:32","slug":"dvh-doble-vidriado-hermetico","status":"publish","type":"page","link":"https:\/\/www.aluviconstrucciones.com.ar\/index.php\/dvh-doble-vidriado-hermetico\/","title":{"rendered":"DVH &#8211; Doble Vidriado Herm\u00e9tico"},"content":{"rendered":"\n<p class=\"has-text-align-left\"><strong>DOBLE VIDRIADO HERM\u00c9TICO<br>DVH &#8211; DVH CON CORTINA<\/strong><\/p>\n\n\n\n<div class=\"wp-block-image\"><figure class=\"alignright size-large\"><img fetchpriority=\"high\" decoding=\"async\" width=\"251\" height=\"237\" src=\"http:\/\/www.aluviconstrucciones.com.ar\/wp-content\/uploads\/2020\/05\/DVH.jpg\" alt=\"\" class=\"wp-image-1470\"\/><\/figure><\/div>\n\n\n\n<p>El DVH es un vidrio conformado por 2 vidrios que se encuentran separados por una c\u00e1mara de aire sellada al vac\u00edo que no permite el<br>ingreso en su interior de vapores y humedad. Los vidrios pueden ser cualquiera de los mencionados por nuestra empresa (incoloros, de color, reflectante, laminados, etc.). El doble vidriado herm\u00e9tico mejora la eficiencia energ\u00e9tica de hogares y edificios comerciales mediante el aumento de la aislaci\u00f3n t\u00e9rmica y ac\u00fastica, al mismo tiempo que permiten un uso extensivo del vidrio.<\/p>\n\n\n\n<p><strong>DVH &#8211; Simple<\/strong><br>Muchas veces, cuando se proyecta la instalaci\u00f3n de aberturas con paneles de doble vidriado herm\u00e9tico (DVH), se dise\u00f1a a los mismos en funci\u00f3n del tipo de perfiler\u00eda a utilizar cuando, en realidad, debe dise\u00f1arse el cerramiento con un criterio integral, tomando en cuenta todos sus componentes en funci\u00f3n de las caracter\u00edsticas de la obra y sus requerimientos. Al utilizar vidrios reflectivos, brinda control solar y disminuye el resplandor de la excesiva luminosidad. Al utilizar DVH agrega mayor aislamiento t\u00e9rmico, ac\u00fastico y proporciona seguridad antivand\u00e1lica o el ingreso forzado a una propiedad a trav\u00e9s de cualquier abertura.<\/p>\n\n\n\n<div class=\"wp-block-image\"><figure class=\"alignright size-large\"><img decoding=\"async\" width=\"423\" height=\"282\" src=\"http:\/\/www.aluviconstrucciones.com.ar\/wp-content\/uploads\/2020\/05\/DVH-planta.jpg\" alt=\"\" class=\"wp-image-1476\" srcset=\"https:\/\/www.aluviconstrucciones.com.ar\/wp-content\/uploads\/2020\/05\/DVH-planta.jpg 423w, https:\/\/www.aluviconstrucciones.com.ar\/wp-content\/uploads\/2020\/05\/DVH-planta-300x200.jpg 300w\" sizes=\"(max-width: 423px) 100vw, 423px\" \/><\/figure><\/div>\n\n\n\n<p><strong>BENEFICIOS<\/strong><br>\u2713 Aumenta m\u00e1s de 100% la aislaci\u00f3n t\u00e9rmica vidriada.<br>\u2713 Mejora el aislamiento ac\u00fastico.<br>\u2713 Disminuye hasta un 70% el consumo de energ\u00eda de climatizaci\u00f3n . Elimina la condenaci\u00f3n sobre el vidrio evitando que se empa\u00f1e.<br>\u2713 Manufacturado con vidrios reflectivos, brinda control solar y disminuye el resplandor de la excesiva luminosidad.<br>\u2713 Se obtiene un \u00f3ptimo rendimiento cuando el DVH est\u00e1 realizado con uno o ambos pa\u00f1os de vidrio laminado con PVB de un espesor de 0,76mm. Este tipo de vidrio agrega mayor aislamiento t\u00e9rmico, ac\u00fastico y proporciona seguridad contra robos o el ingreso forzado a una propiedad a trav\u00e9s de ventanas y\/o puertas.<br><br><\/p>\n\n\n\n<div class=\"wp-block-image\"><figure class=\"alignright size-large\"><img decoding=\"async\" width=\"423\" height=\"321\" src=\"http:\/\/www.aluviconstrucciones.com.ar\/wp-content\/uploads\/2020\/05\/DVH-cortina.jpg\" alt=\"\" class=\"wp-image-1480\" srcset=\"https:\/\/www.aluviconstrucciones.com.ar\/wp-content\/uploads\/2020\/05\/DVH-cortina.jpg 423w, https:\/\/www.aluviconstrucciones.com.ar\/wp-content\/uploads\/2020\/05\/DVH-cortina-300x228.jpg 300w\" sizes=\"(max-width: 423px) 100vw, 423px\" \/><\/figure><\/div>\n\n\n\n<p><strong>DVH &#8211; CORTINA<\/strong><br>Una opci\u00f3n que nos permite el doble vidriado herm\u00e9tico es incorporar una cortina automatizada o manual dentro de ella. Permiti\u00e9ndonos elegir una vista o mantener privacidad. Esto no solo permite mayor grado de privacidad, sino que por medio de su c\u00e1mara de 20 mm obtiene un mejor aislamiento.<\/p>\n","protected":false},"excerpt":{"rendered":"<p>DOBLE VIDRIADO HERM\u00c9TICODVH &#8211; DVH CON CORTINA El DVH es un vidrio conformado por 2 vidrios que se encuentran separados por una c\u00e1mara de aire sellada al vac\u00edo que no permite elingreso en su interior de vapores y humedad. Los vidrios pueden ser cualquiera de los mencionados por nuestra empresa (incoloros, de color, reflectante, laminados,&hellip;<\/p>\n","protected":false},"author":1,"featured_media":0,"parent":0,"menu_order":0,"comment_status":"closed","ping_status":"closed","template":"","meta":{"footnotes":"","_joinchat":[]},"_links":{"self":[{"href":"https:\/\/www.aluviconstrucciones.com.ar\/index.php\/wp-json\/wp\/v2\/pages\/1363"}],"collection":[{"href":"https:\/\/www.aluviconstrucciones.com.ar\/index.php\/wp-json\/wp\/v2\/pages"}],"about":[{"href":"https:\/\/www.aluviconstrucciones.com.ar\/index.php\/wp-json\/wp\/v2\/types\/page"}],"author":[{"embeddable":true,"href":"https:\/\/www.aluviconstrucciones.com.ar\/index.php\/wp-json\/wp\/v2\/users\/1"}],"replies":[{"embeddable":true,"href":"https:\/\/www.aluviconstrucciones.com.ar\/index.php\/wp-json\/wp\/v2\/comments?post=1363"}],"version-history":[{"count":5,"href":"https:\/\/www.aluviconstrucciones.com.ar\/index.php\/wp-json\/wp\/v2\/pages\/1363\/revisions"}],"predecessor-version":[{"id":1786,"href":"https:\/\/www.aluviconstrucciones.com.ar\/index.php\/wp-json\/wp\/v2\/pages\/1363\/revisions\/1786"}],"wp:attachment":[{"href":"https:\/\/www.aluviconstrucciones.com.ar\/index.php\/wp-json\/wp\/v2\/media?parent=1363"}],"curies":[{"name":"wp","href":"https:\/\/api.w.org\/{rel}","templated":true}]}}