{"id":1366,"date":"2020-03-24T23:18:56","date_gmt":"2020-03-25T02:18:56","guid":{"rendered":"http:\/\/www.aluviconstrucciones.com.ar\/?page_id=1366"},"modified":"2020-06-02T00:01:24","modified_gmt":"2020-06-02T03:01:24","slug":"profilit","status":"publish","type":"page","link":"https:\/\/www.aluviconstrucciones.com.ar\/index.php\/profilit\/","title":{"rendered":"Profilit"},"content":{"rendered":"\n<div class=\"wp-block-image\"><figure class=\"alignright size-large\"><img fetchpriority=\"high\" decoding=\"async\" width=\"423\" height=\"316\" src=\"http:\/\/www.aluviconstrucciones.com.ar\/wp-content\/uploads\/2020\/05\/profilit.jpg\" alt=\"\" class=\"wp-image-1521\" srcset=\"https:\/\/www.aluviconstrucciones.com.ar\/wp-content\/uploads\/2020\/05\/profilit.jpg 423w, https:\/\/www.aluviconstrucciones.com.ar\/wp-content\/uploads\/2020\/05\/profilit-300x224.jpg 300w\" sizes=\"(max-width: 423px) 100vw, 423px\" \/><\/figure><\/div>\n\n\n\n<p>Es una alternativa econ\u00f3mico a las t\u00e9cnicas convencionales de cerramiento con vidrio. Su apariencia provee l\u00edneas e ininterrumpidas a una fachada, ya que la resistencia mec\u00e1nica del perfil de vidrio elimina la necesidad de emplear una carpinter\u00eda convencional para construir cerramiento de grandes dimensiones. <br>Internamente ofrece una superficie vidria, sin obstrucciones, sutilmente transl\u00facida, que permite el m\u00e1ximo ingreso de luz natural difusa sin producir sombras.<br><br><br><br><br><br><br><\/p>\n\n\n\n<p><\/p>\n","protected":false},"excerpt":{"rendered":"<p>Es una alternativa econ\u00f3mico a las t\u00e9cnicas convencionales de cerramiento con vidrio. Su apariencia provee l\u00edneas e ininterrumpidas a una fachada, ya que la resistencia mec\u00e1nica del perfil de vidrio elimina la necesidad de emplear una carpinter\u00eda convencional para construir cerramiento de grandes dimensiones. Internamente ofrece una superficie vidria, sin obstrucciones, sutilmente transl\u00facida, que permite&hellip;<\/p>\n","protected":false},"author":1,"featured_media":0,"parent":0,"menu_order":0,"comment_status":"closed","ping_status":"closed","template":"","meta":{"footnotes":"","_joinchat":[]},"_links":{"self":[{"href":"https:\/\/www.aluviconstrucciones.com.ar\/index.php\/wp-json\/wp\/v2\/pages\/1366"}],"collection":[{"href":"https:\/\/www.aluviconstrucciones.com.ar\/index.php\/wp-json\/wp\/v2\/pages"}],"about":[{"href":"https:\/\/www.aluviconstrucciones.com.ar\/index.php\/wp-json\/wp\/v2\/types\/page"}],"author":[{"embeddable":true,"href":"https:\/\/www.aluviconstrucciones.com.ar\/index.php\/wp-json\/wp\/v2\/users\/1"}],"replies":[{"embeddable":true,"href":"https:\/\/www.aluviconstrucciones.com.ar\/index.php\/wp-json\/wp\/v2\/comments?post=1366"}],"version-history":[{"count":2,"href":"https:\/\/www.aluviconstrucciones.com.ar\/index.php\/wp-json\/wp\/v2\/pages\/1366\/revisions"}],"predecessor-version":[{"id":1694,"href":"https:\/\/www.aluviconstrucciones.com.ar\/index.php\/wp-json\/wp\/v2\/pages\/1366\/revisions\/1694"}],"wp:attachment":[{"href":"https:\/\/www.aluviconstrucciones.com.ar\/index.php\/wp-json\/wp\/v2\/media?parent=1366"}],"curies":[{"name":"wp","href":"https:\/\/api.w.org\/{rel}","templated":true}]}}