{"id":1371,"date":"2020-03-24T23:28:06","date_gmt":"2020-03-25T02:28:06","guid":{"rendered":"http:\/\/www.aluviconstrucciones.com.ar\/?page_id=1371"},"modified":"2023-02-23T21:10:10","modified_gmt":"2023-02-24T00:10:10","slug":"perfiles-aluminio","status":"publish","type":"page","link":"https:\/\/www.aluviconstrucciones.com.ar\/index.php\/perfiles-aluminio\/","title":{"rendered":"Perfiles de Aluminio"},"content":{"rendered":"<div class=\"wpb-content-wrapper\"><p>[vc_row][vc_column][vc_column_text]\r\n\r\n\r\n<div class=\"wp-block-image\">\r\n<figure class=\"aligncenter size-large\"><img fetchpriority=\"high\" decoding=\"async\" class=\"aligncenter wp-image-1836 size-full\" src=\"https:\/\/www.aluviconstrucciones.com.ar\/wp-content\/uploads\/2023\/02\/aluminio-elaborados.jpg\" alt=\"\" width=\"756\" height=\"333\" srcset=\"https:\/\/www.aluviconstrucciones.com.ar\/wp-content\/uploads\/2023\/02\/aluminio-elaborados.jpg 756w, https:\/\/www.aluviconstrucciones.com.ar\/wp-content\/uploads\/2023\/02\/aluminio-elaborados-300x132.jpg 300w\" sizes=\"(max-width: 756px) 100vw, 756px\" \/><\/figure>\r\n<\/div>\r\n\r\n<p><strong>BENEFICIOS<\/strong><\/p>\r\n\r\n<p>Una ventaja del aluminio es que no necesita mantenimiento. Las aberturas de aluminio, y no as\u00ed las de chapa, madera o P.V.C., no corroen, ni se deterioran, resisten durante toda su vida \u00fatil sin necesidad de mantenimiento.<br \/>As\u00ed mismo, las aberturas de aluminio, permiten variedad de terminaciones tanto en su aspecto natural como en los procesos de pintado o anodizado, que las preparan para armonizar con el entorno donde ir\u00e1n instaladas, adem\u00e1s de brindar una excelente hermeticidad a la filtraci\u00f3n de agua y aire.<br \/>Otra de sus caracter\u00edsticas es que admite el doble vidriado herm\u00e9tico: Una soluci\u00f3n definitiva para la aislaci\u00f3n ac\u00fastica y t\u00e9rmica.<br \/>Finalmente y no menos importante, el aluminio, protege el medio ambiente: Es reciclable, requiere un bajo consumo energ\u00e9tico, no es t\u00f3xico y en caso de incendio, no ocasiona emisi\u00f3n de sustancias nocivas.<\/p>\r\n<!-- \/wp:paragraph -->\r\n<p><!-- wp:paragraph --><strong>POSIBLES USOS<\/strong><\/p>\r\n<!-- \/wp:paragraph -->\r\n<p>Con este material se pueden trabajar dise\u00f1os ideales en fachadas, ventanas, cerramientos en balcones, mamparas divisorias, puertas, etc.<br \/>De acuerdo al proyecto, las aberturas de aluminio ofrecen m\u00faltiples soluciones para cada necesidad de una forma \u00f3ptima.<\/p>\r\n<p><!-- \/wp:paragraph -->[\/vc_column_text][\/vc_column][\/vc_row]<\/p><\/div>","protected":false},"excerpt":{"rendered":"<p>[vc_row][vc_column][vc_column_text] BENEFICIOS Una ventaja del aluminio es que no necesita mantenimiento. Las aberturas de aluminio, y no as\u00ed las de chapa, madera o P.V.C., no corroen, ni se deterioran, resisten durante toda su vida \u00fatil sin necesidad de mantenimiento.As\u00ed mismo, las aberturas de aluminio, permiten variedad de terminaciones tanto en su aspecto natural como en&hellip;<\/p>\n","protected":false},"author":1,"featured_media":0,"parent":0,"menu_order":0,"comment_status":"closed","ping_status":"closed","template":"","meta":{"footnotes":"","_joinchat":[]},"_links":{"self":[{"href":"https:\/\/www.aluviconstrucciones.com.ar\/index.php\/wp-json\/wp\/v2\/pages\/1371"}],"collection":[{"href":"https:\/\/www.aluviconstrucciones.com.ar\/index.php\/wp-json\/wp\/v2\/pages"}],"about":[{"href":"https:\/\/www.aluviconstrucciones.com.ar\/index.php\/wp-json\/wp\/v2\/types\/page"}],"author":[{"embeddable":true,"href":"https:\/\/www.aluviconstrucciones.com.ar\/index.php\/wp-json\/wp\/v2\/users\/1"}],"replies":[{"embeddable":true,"href":"https:\/\/www.aluviconstrucciones.com.ar\/index.php\/wp-json\/wp\/v2\/comments?post=1371"}],"version-history":[{"count":11,"href":"https:\/\/www.aluviconstrucciones.com.ar\/index.php\/wp-json\/wp\/v2\/pages\/1371\/revisions"}],"predecessor-version":[{"id":1837,"href":"https:\/\/www.aluviconstrucciones.com.ar\/index.php\/wp-json\/wp\/v2\/pages\/1371\/revisions\/1837"}],"wp:attachment":[{"href":"https:\/\/www.aluviconstrucciones.com.ar\/index.php\/wp-json\/wp\/v2\/media?parent=1371"}],"curies":[{"name":"wp","href":"https:\/\/api.w.org\/{rel}","templated":true}]}}