{"id":1400,"date":"2020-05-12T20:22:55","date_gmt":"2020-05-12T23:22:55","guid":{"rendered":"http:\/\/www.aluviconstrucciones.com.ar\/?page_id=1400"},"modified":"2020-06-02T00:17:38","modified_gmt":"2020-06-02T03:17:38","slug":"tonalizados","status":"publish","type":"page","link":"https:\/\/www.aluviconstrucciones.com.ar\/index.php\/tonalizados\/","title":{"rendered":"Tonalizados"},"content":{"rendered":"\n<p>Tambi\u00e9n conocido Super Tints son vidrios tonalizados de alta performance que hacen referencia a su alta calidad en la composici\u00f3n de color sobre la masa que compone el vidrio, dando por resultado un optimo grado de control solar sin recurrir a otros revestimientos reflectivos. Pueden encontrarse en delicados tonos conocidos como Artic Blue, Evergreen y Supergrey. Dando por resultado un menor coeficiente de sombra y elevados indices de transmisi\u00f3n de luz visible.<br><br><\/p>\n\n\n\n<div class=\"wp-block-image\"><figure class=\"alignright size-large\"><img fetchpriority=\"high\" decoding=\"async\" width=\"423\" height=\"167\" src=\"http:\/\/www.aluviconstrucciones.com.ar\/wp-content\/uploads\/2020\/05\/artic-blue.jpg\" alt=\"\" class=\"wp-image-1534\" srcset=\"https:\/\/www.aluviconstrucciones.com.ar\/wp-content\/uploads\/2020\/05\/artic-blue.jpg 423w, https:\/\/www.aluviconstrucciones.com.ar\/wp-content\/uploads\/2020\/05\/artic-blue-300x118.jpg 300w\" sizes=\"(max-width: 423px) 100vw, 423px\" \/><\/figure><\/div>\n\n\n\n<p><strong>ARTIC BLUE \u00ae<\/strong><br>De color azul gris\u00e1ceo, brinda una gran oportunidad de proyectar fachadas e interiores que requieran el empleo de un vidrio est\u00e9ticamente sobrio, con excelentes propiedades de transmisi\u00f3n de luz visible y control solar.<br>Disponible en 6 mm en hojas de 2400 x 3300 mm.<br><br><br><\/p>\n\n\n\n<div class=\"wp-block-image\"><figure class=\"alignright size-large\"><img decoding=\"async\" width=\"423\" height=\"281\" src=\"http:\/\/www.aluviconstrucciones.com.ar\/wp-content\/uploads\/2020\/05\/evergreen.jpg\" alt=\"\" class=\"wp-image-1541\" srcset=\"https:\/\/www.aluviconstrucciones.com.ar\/wp-content\/uploads\/2020\/05\/evergreen.jpg 423w, https:\/\/www.aluviconstrucciones.com.ar\/wp-content\/uploads\/2020\/05\/evergreen-300x199.jpg 300w\" sizes=\"(max-width: 423px) 100vw, 423px\" \/><\/figure><\/div>\n\n\n\n<p><strong>EVERGREEN \u00ae<\/strong><br>De una tonalidad de color verde c\u00e1lido, su caracter\u00edstica principal es brindar una muy alta transmisi\u00f3n de luz visible, as\u00ed tambi\u00e9n un coeficiente de sombra m\u00e1s eficiente que otros tonos en gris y bronce. Al ver por el interior de un edificio, gracias a su delicado<br>tono verde percibe casi como un vidrio incoloro.<br>Disponible en 6 mm en hojas de 2440 x 3300 mm.<br><br><br><br><br><br><\/p>\n\n\n\n<div class=\"wp-block-image\"><figure class=\"alignright size-large\"><img decoding=\"async\" width=\"423\" height=\"281\" src=\"http:\/\/www.aluviconstrucciones.com.ar\/wp-content\/uploads\/2020\/05\/supergrey.jpg\" alt=\"\" class=\"wp-image-1547\" srcset=\"https:\/\/www.aluviconstrucciones.com.ar\/wp-content\/uploads\/2020\/05\/supergrey.jpg 423w, https:\/\/www.aluviconstrucciones.com.ar\/wp-content\/uploads\/2020\/05\/supergrey-300x199.jpg 300w\" sizes=\"(max-width: 423px) 100vw, 423px\" \/><\/figure><\/div>\n\n\n\n<p><strong>SUPERGREY \u00ae<\/strong><br>De una tonalidad, casi negro, es un vidrio ideal para edificios de oficinas que deseen evitar las molestias del reflejo de luz sobre pantallas de computadoras o televisi\u00f3n, brindando simult\u00e1neamente un grado de control solar solo comparable con vidrios reflectivos de muy alta performance.<br>Disponible en 6 mm en hojas de 2440 x 3300 mm.<br><br><br><br><br><br><br><\/p>\n\n\n\n<div class=\"wp-block-image\"><figure class=\"alignright size-large\"><img loading=\"lazy\" decoding=\"async\" width=\"423\" height=\"281\" src=\"http:\/\/www.aluviconstrucciones.com.ar\/wp-content\/uploads\/2020\/05\/solar-E.jpg\" alt=\"\" class=\"wp-image-1551\" srcset=\"https:\/\/www.aluviconstrucciones.com.ar\/wp-content\/uploads\/2020\/05\/solar-E.jpg 423w, https:\/\/www.aluviconstrucciones.com.ar\/wp-content\/uploads\/2020\/05\/solar-E-300x199.jpg 300w\" sizes=\"(max-width: 423px) 100vw, 423px\" \/><\/figure><\/div>\n\n\n\n<p><strong>VIDRIOS TONO NEUTRO, SOLAR-E \u00ae<\/strong><br>Un vidrio fabricado mediante un proceso pirol\u00edtico de aplicaci\u00f3n de revestimientos con propiedades de control solar y baja emisividad. Este tipo de vidrio permite disminuir la carga y gastos energ\u00e9ticos derivados del acondicionamiento t\u00e9rmico.<br>El grado de emisividad de un vidrio es aquel que identifica la intensidad con la que un producto pueda irradiar o absorber energ\u00eda cal\u00f3rica. Cuando su valor sea m\u00e1s bajo (el factor K) el vidrio ser\u00e1 m\u00e1s eficiente. A la hora de comparar un vidrio com\u00fan posee una emisividad de 0,84 mientras que un Energy Advantage Low &#8211; E es de solamente 0,15.<br>Ofrece en simult\u00e1neo transparencia, control solar, aislaci\u00f3n t\u00e9rmica, color neutro y una muy baja reflectividad de luz visible.<\/p>\n\n\n\n<p>Ficha T\u00e9cnica: <a href=\"http:\/\/www.aluviconstrucciones.com.ar\/wp-content\/uploads\/2020\/05\/08-FICHA-Super-Tints-float-color.pdf\" target=\"_blank\" rel=\"noreferrer noopener\">Super Tints-Float Colo<\/a><br><br><\/p>\n","protected":false},"excerpt":{"rendered":"<p>Tambi\u00e9n conocido Super Tints son vidrios tonalizados de alta performance que hacen referencia a su alta calidad en la composici\u00f3n de color sobre la masa que compone el vidrio, dando por resultado un optimo grado de control solar sin recurrir a otros revestimientos reflectivos. Pueden encontrarse en delicados tonos conocidos como Artic Blue, Evergreen y&hellip;<\/p>\n","protected":false},"author":1,"featured_media":0,"parent":0,"menu_order":0,"comment_status":"closed","ping_status":"closed","template":"","meta":{"footnotes":"","_joinchat":[]},"_links":{"self":[{"href":"https:\/\/www.aluviconstrucciones.com.ar\/index.php\/wp-json\/wp\/v2\/pages\/1400"}],"collection":[{"href":"https:\/\/www.aluviconstrucciones.com.ar\/index.php\/wp-json\/wp\/v2\/pages"}],"about":[{"href":"https:\/\/www.aluviconstrucciones.com.ar\/index.php\/wp-json\/wp\/v2\/types\/page"}],"author":[{"embeddable":true,"href":"https:\/\/www.aluviconstrucciones.com.ar\/index.php\/wp-json\/wp\/v2\/users\/1"}],"replies":[{"embeddable":true,"href":"https:\/\/www.aluviconstrucciones.com.ar\/index.php\/wp-json\/wp\/v2\/comments?post=1400"}],"version-history":[{"count":67,"href":"https:\/\/www.aluviconstrucciones.com.ar\/index.php\/wp-json\/wp\/v2\/pages\/1400\/revisions"}],"predecessor-version":[{"id":1709,"href":"https:\/\/www.aluviconstrucciones.com.ar\/index.php\/wp-json\/wp\/v2\/pages\/1400\/revisions\/1709"}],"wp:attachment":[{"href":"https:\/\/www.aluviconstrucciones.com.ar\/index.php\/wp-json\/wp\/v2\/media?parent=1400"}],"curies":[{"name":"wp","href":"https:\/\/api.w.org\/{rel}","templated":true}]}}