{"id":1416,"date":"2020-05-15T01:06:25","date_gmt":"2020-05-15T04:06:25","guid":{"rendered":"http:\/\/www.aluviconstrucciones.com.ar\/?page_id=1416"},"modified":"2020-06-11T16:11:19","modified_gmt":"2020-06-11T19:11:19","slug":"serigrafiados","status":"publish","type":"page","link":"https:\/\/www.aluviconstrucciones.com.ar\/index.php\/serigrafiados\/","title":{"rendered":"Serigrafiados"},"content":{"rendered":"\n<p>El vidrio Serigrafiado se caracteriza por tener una de sus caras un esmalte vetrificable por el sistema de impresi\u00f3n serigr\u00e1fica. Posteriormente a la impresi\u00f3n del dibujo, los serigrafiados se someten al proceso de templado. En dicha operaci\u00f3n el esmalte queda vitrificado sobre el vidrio adquiriendo las mismas propiedades que el vidrio templado.<br>exterior sin que ninguna de sus propiedades quede afectada. Este producto es usado en aplicaciones tanto de interior como entrada de luz garantizando seguridad y un dise\u00f1o decorativo. divisores, revestimientos, fachadas donde se requiera disipar la Sus usos pueden variar ya que se utiliza para mampara de ba\u00f1o, divisores, revestimientos, fachadas donde se requiera disipar la entrada de luz garantizando seguridad y un dise\u00f1o decorativo.<\/p>\n\n\n\n<div class=\"wp-block-image\"><figure class=\"alignright size-large\"><img decoding=\"async\" width=\"198\" height=\"148\" src=\"http:\/\/www.aluviconstrucciones.com.ar\/wp-content\/uploads\/2020\/05\/serigrafiado1.jpg\" alt=\"\" class=\"wp-image-1486\"\/><\/figure><\/div>\n\n\n\n<div class=\"wp-block-image\"><figure class=\"alignright size-large\"><img decoding=\"async\" width=\"198\" height=\"148\" src=\"http:\/\/www.aluviconstrucciones.com.ar\/wp-content\/uploads\/2020\/05\/serigrafiado2.jpg\" alt=\"\" class=\"wp-image-1487\"\/><\/figure><\/div>\n\n\n\n<div class=\"wp-block-image\"><figure class=\"alignright size-large\"><img fetchpriority=\"high\" decoding=\"async\" width=\"300\" height=\"420\" src=\"http:\/\/www.aluviconstrucciones.com.ar\/wp-content\/uploads\/2020\/05\/serigrafiado4.jpg\" alt=\"\" class=\"wp-image-1489\" srcset=\"https:\/\/www.aluviconstrucciones.com.ar\/wp-content\/uploads\/2020\/05\/serigrafiado4.jpg 300w, https:\/\/www.aluviconstrucciones.com.ar\/wp-content\/uploads\/2020\/05\/serigrafiado4-214x300.jpg 214w\" sizes=\"(max-width: 300px) 100vw, 300px\" \/><\/figure><\/div>\n\n\n\n<div class=\"wp-block-image\"><figure class=\"alignright size-large\"><img loading=\"lazy\" decoding=\"async\" width=\"198\" height=\"148\" src=\"http:\/\/www.aluviconstrucciones.com.ar\/wp-content\/uploads\/2020\/05\/serigrafiado3.jpg\" alt=\"Serigrafiado\" class=\"wp-image-1488\"\/><\/figure><\/div>\n\n\n\n<div class=\"wp-block-image\"><figure class=\"aligncenter size-large\"><img loading=\"lazy\" decoding=\"async\" width=\"423\" height=\"313\" src=\"http:\/\/www.aluviconstrucciones.com.ar\/wp-content\/uploads\/2020\/05\/serigrafiado5.jpg\" alt=\"\" class=\"wp-image-1490\" srcset=\"https:\/\/www.aluviconstrucciones.com.ar\/wp-content\/uploads\/2020\/05\/serigrafiado5.jpg 423w, https:\/\/www.aluviconstrucciones.com.ar\/wp-content\/uploads\/2020\/05\/serigrafiado5-300x222.jpg 300w\" sizes=\"(max-width: 423px) 100vw, 423px\" \/><\/figure><\/div>\n","protected":false},"excerpt":{"rendered":"<p>El vidrio Serigrafiado se caracteriza por tener una de sus caras un esmalte vetrificable por el sistema de impresi\u00f3n serigr\u00e1fica. Posteriormente a la impresi\u00f3n del dibujo, los serigrafiados se someten al proceso de templado. En dicha operaci\u00f3n el esmalte queda vitrificado sobre el vidrio adquiriendo las mismas propiedades que el vidrio templado.exterior sin que ninguna&hellip;<\/p>\n","protected":false},"author":1,"featured_media":0,"parent":0,"menu_order":0,"comment_status":"closed","ping_status":"closed","template":"","meta":{"footnotes":"","_joinchat":[]},"_links":{"self":[{"href":"https:\/\/www.aluviconstrucciones.com.ar\/index.php\/wp-json\/wp\/v2\/pages\/1416"}],"collection":[{"href":"https:\/\/www.aluviconstrucciones.com.ar\/index.php\/wp-json\/wp\/v2\/pages"}],"about":[{"href":"https:\/\/www.aluviconstrucciones.com.ar\/index.php\/wp-json\/wp\/v2\/types\/page"}],"author":[{"embeddable":true,"href":"https:\/\/www.aluviconstrucciones.com.ar\/index.php\/wp-json\/wp\/v2\/users\/1"}],"replies":[{"embeddable":true,"href":"https:\/\/www.aluviconstrucciones.com.ar\/index.php\/wp-json\/wp\/v2\/comments?post=1416"}],"version-history":[{"count":64,"href":"https:\/\/www.aluviconstrucciones.com.ar\/index.php\/wp-json\/wp\/v2\/pages\/1416\/revisions"}],"predecessor-version":[{"id":1787,"href":"https:\/\/www.aluviconstrucciones.com.ar\/index.php\/wp-json\/wp\/v2\/pages\/1416\/revisions\/1787"}],"wp:attachment":[{"href":"https:\/\/www.aluviconstrucciones.com.ar\/index.php\/wp-json\/wp\/v2\/media?parent=1416"}],"curies":[{"name":"wp","href":"https:\/\/api.w.org\/{rel}","templated":true}]}}