{"id":154,"date":"2016-06-23T11:12:53","date_gmt":"2016-06-23T10:12:53","guid":{"rendered":"https:\/\/the7.io\/construction\/?page_id=154"},"modified":"2023-02-23T19:51:25","modified_gmt":"2023-02-23T22:51:25","slug":"quienes-somos","status":"publish","type":"page","link":"https:\/\/www.aluviconstrucciones.com.ar\/index.php\/quienes-somos\/","title":{"rendered":"Quienes Somos"},"content":{"rendered":"<div class=\"wpb-content-wrapper\"><p>[vc_row][vc_column][vc_column_text]<\/p>\n<div align=\"center\"><iframe src=\"https:\/\/player.vimeo.com\/video\/417852381\" width=\"640\" height=\"480\" frameborder=\"0\" allowfullscreen=\"allowfullscreen\"><\/iframe><\/div>\n<p><strong><u>Nuestra Historia<\/u><\/strong><\/p>\n<p>Aluvi Construcciones fue fundado por Ra\u00fal Oliveira en su primer sede ubicada en el barrio de Parque Chacabuco en el a\u00f1o 1978. Desde ese lugar se desempe\u00f1\u00f3 como principal centro de distribuci\u00f3n oficial de Vidrier\u00eda Argentina S.A, mejor conocido como VASA.<\/p>\n<p><em><strong>A\u00f1o 1985<\/strong><\/em><\/p>\n<p>En el a\u00f1o 1985 suma la distribuci\u00f3n de venta por mayor con un amplio stock de perfiler\u00eda de aluminio y todas sus l\u00edneas para satisfacer a los clientes para la elaboraci\u00f3n de aberturas.<\/p>\n<p><em><strong>A\u00f1o 1999<\/strong><\/em><\/p>\n<p>En el a\u00f1o 1999 es adquirida la planta de anodizado de Camea de Kicsa. Hoy en d\u00eda cumple como segundo punto de distribuci\u00f3n de aluminio. En este momento Aluvi Construcci\u00f3nes pudo ingresar en el apasionante mercado de la construcci\u00f3n.<\/p>\n<p><em><strong>A\u00f1o 2010<\/strong><\/em><\/p>\n<p>Aluvi Construcciones se expande agregando su tercer punto de distribuci\u00f3n y procesamiento de vidrio y aluminio ubicada en la Provincia de Mendoza, lograndose afirmar entre los l\u00edderes de la regi\u00f3n de Cuyo.<\/p>\n<p><em><strong>A\u00f1o 2017<\/strong><\/em><\/p>\n<p>Aluvi Construcciones se instala en el parque industrial de Lan\u00fas como su punto principal en la distribuci\u00f3n de perfiler\u00eda de aluminio\u00a0 y procesamiento de vidrios. Como una de las plantas industriales de vidrio m\u00e1s modernas y desarrolladas del pa\u00eds.<\/p>\n<p>&nbsp;<\/p>\n<p><em><strong>Aluvi En El Tiempo<\/strong><\/em><\/p>\n<p>Aluvi Construcciones a trav\u00e9s de los a\u00f1os ha incrementado sus puntos de venta y capacidad productiva, incorporando las \u00faltimas tecnolog\u00edas en la industria de vidrio que busca satisfacer las demandas m\u00e1s exigentes proyectos con anhelo de acompa\u00f1ar el desarrollo constructivo de nuestro pa\u00eds.<\/p>\n<p><u>Nuestros Valores<\/u><\/p>\n<p>Acompa\u00f1ando a las principales firmas involucradas en el desarrollo constructivo de nuestro pa\u00eds, brindando soluciones integrales para sus clientes, Aluvi Construcciones asegura el m\u00e1ximo compromiso en calidad y plazo. Para ello estamos sumando permanente a su n\u00f3mina el personal t\u00e9cnico m\u00e1s capacitado con el fin de aportar el m\u00e1s \u00f3ptimo valor agregado a sus productos.<\/p>\n<p>Aluvi Construcciones tiene un riguroso control de calidad que asegura el cumplimiento de las especificaciones acordadas con el comitente.<\/p>\n<p>Habi\u00e9ndose iniciado como una firma familiar, hoy, una segunda generaci\u00f3n trae su energ\u00eda renovada a Aluvi. Instalandose como una de las empresas referenciales del sector.<\/p>\n<p><u>Nuestro Equipo<\/u><\/p>\n<p>Aluvi Construcciones es una empresa que la integran profesionales con una amplia trayectoria en el sector de procesamiento de vidrios y aluminios que trabajan con un gran compromiso que satisfagan los aspectos t\u00e9cnicos de los proyectos m\u00e1s desafiantes.<\/p>\n<p>Nuestro equipo busca acompa\u00f1ar el desarrollo proyectual optimizando las prestaciones y la vida \u00fatil de la obra arquitect\u00f3nica.<\/p>\n<p><u>Instalaci\u00f3n en Obra<\/u><\/p>\n<p>Involucrados en los proyectos m\u00e1s sofisticados, nuestros equipos de instalaci\u00f3n se encargan de mensurar y controlar la calidad de los trabajos. Velando por cumplir las normas de Higiene, Seguridad y Ambiental. Cumpliendo los m\u00e1s altos est\u00e1ndares de colocaci\u00f3n.<\/p>\n<p><u>Reposiciones y Recambios<\/u><\/p>\n<p>El mantenimiento en la vida \u00fatil de un emprendimiento es fundamental. Por ello Aluvi ofrece un servicio de reposici\u00f3n de cristales. Contando con la m\u00e1s amplia variedad de productos del mercado.[\/vc_column_text][\/vc_column][\/vc_row][vc_row][vc_column]<style type=\"text\/css\" data-type=\"the7_shortcodes-inline-css\">.gallery-shortcode.gallery-masonry-shortcode-id-d6078cae88e89920e1aceb092277dd78 figure,\n.gallery-shortcode.gallery-masonry-shortcode-id-d6078cae88e89920e1aceb092277dd78 .rollover,\n.gallery-shortcode.gallery-masonry-shortcode-id-d6078cae88e89920e1aceb092277dd78 img,\n.gallery-shortcode.gallery-masonry-shortcode-id-d6078cae88e89920e1aceb092277dd78 .gallery-rollover {\n  border-radius: 0px;\n}\n.gallery-shortcode.gallery-masonry-shortcode-id-d6078cae88e89920e1aceb092277dd78.enable-bg-rollover .gallery-rollover {\n  background: -webkit-linear-gradient();\n  background: linear-gradient();\n}\n.gallery-shortcode.gallery-masonry-shortcode-id-d6078cae88e89920e1aceb092277dd78.enable-bg-rollover.hover-scale figure .rollover:after {\n  background: -webkit-linear-gradient();\n  background: linear-gradient();\n}\n.gallery-shortcode.gallery-masonry-shortcode-id-d6078cae88e89920e1aceb092277dd78 .gallery-zoom-ico {\n  width: 44px;\n  height: 44px;\n  line-height: 44px;\n  border-radius: 100px;\n  margin: -22px 0 0 -22px;\n  border-width: 0px;\n  color: #ffffff;\n}\n.dt-icon-bg-on.gallery-shortcode.gallery-masonry-shortcode-id-d6078cae88e89920e1aceb092277dd78 .gallery-zoom-ico {\n  background: rgba(255,255,255,0.3);\n  box-shadow: none;\n}\n.gallery-shortcode.gallery-masonry-shortcode-id-d6078cae88e89920e1aceb092277dd78 .gallery-zoom-ico:before,\n.gallery-shortcode.gallery-masonry-shortcode-id-d6078cae88e89920e1aceb092277dd78 .gallery-zoom-ico span {\n  font-size: 32px;\n  line-height: 44px;\n  color: #ffffff;\n}\n.gallery-shortcode.gallery-masonry-shortcode-id-d6078cae88e89920e1aceb092277dd78:not(.resize-by-browser-width) .dt-css-grid {\n  grid-row-gap: 10px;\n  grid-column-gap: 10px;\n  grid-template-columns: repeat(auto-fill,minmax(,1fr));\n}\n.gallery-shortcode.gallery-masonry-shortcode-id-d6078cae88e89920e1aceb092277dd78:not(.resize-by-browser-width) .dt-css-grid .double-width {\n  grid-column: span 2;\n}\n.cssgridlegacy.no-cssgrid .gallery-shortcode.gallery-masonry-shortcode-id-d6078cae88e89920e1aceb092277dd78:not(.resize-by-browser-width) .dt-css-grid,\n.no-cssgridlegacy.no-cssgrid .gallery-shortcode.gallery-masonry-shortcode-id-d6078cae88e89920e1aceb092277dd78:not(.resize-by-browser-width) .dt-css-grid {\n  display: flex;\n  flex-flow: row wrap;\n  margin: -5px;\n}\n.cssgridlegacy.no-cssgrid .gallery-shortcode.gallery-masonry-shortcode-id-d6078cae88e89920e1aceb092277dd78:not(.resize-by-browser-width) .dt-css-grid .wf-cell,\n.no-cssgridlegacy.no-cssgrid .gallery-shortcode.gallery-masonry-shortcode-id-d6078cae88e89920e1aceb092277dd78:not(.resize-by-browser-width) .dt-css-grid .wf-cell {\n  flex: 1 0 ;\n  max-width: 100%;\n  padding: 5px;\n  box-sizing: border-box;\n}\n.gallery-shortcode.gallery-masonry-shortcode-id-d6078cae88e89920e1aceb092277dd78.resize-by-browser-width .dt-css-grid {\n  grid-template-columns: repeat(6,1fr);\n  grid-template-rows: auto;\n  grid-column-gap: 10px;\n  grid-row-gap: 10px;\n}\n.gallery-shortcode.gallery-masonry-shortcode-id-d6078cae88e89920e1aceb092277dd78.resize-by-browser-width .dt-css-grid .double-width {\n  grid-column: span 2;\n}\n.cssgridlegacy.no-cssgrid .gallery-shortcode.gallery-masonry-shortcode-id-d6078cae88e89920e1aceb092277dd78.resize-by-browser-width .dt-css-grid {\n  margin: -5px;\n}\n.cssgridlegacy.no-cssgrid .gallery-shortcode.gallery-masonry-shortcode-id-d6078cae88e89920e1aceb092277dd78.resize-by-browser-width .dt-css-grid .wf-cell {\n  width: 16.666666666667%;\n  padding: 5px;\n}\n.cssgridlegacy.no-cssgrid .gallery-shortcode.gallery-masonry-shortcode-id-d6078cae88e89920e1aceb092277dd78.resize-by-browser-width .dt-css-grid .wf-cell.double-width {\n  width: calc(16.666666666667%) * 2;\n}\n.gallery-shortcode.gallery-masonry-shortcode-id-d6078cae88e89920e1aceb092277dd78.resize-by-browser-width:not(.centered-layout-list):not(.content-bg-on) .dt-css-grid {\n  grid-row-gap: 10px - ;\n}\n@media screen and (max-width: 1199px) {\n  .gallery-shortcode.gallery-masonry-shortcode-id-d6078cae88e89920e1aceb092277dd78.resize-by-browser-width .dt-css-grid {\n    grid-template-columns: repeat(4,1fr);\n  }\n  .cssgridlegacy.no-cssgrid .gallery-shortcode.gallery-masonry-shortcode-id-d6078cae88e89920e1aceb092277dd78.resize-by-browser-width .dt-css-grid .wf-cell,\n  .no-cssgridlegacy.no-cssgrid .gallery-shortcode.gallery-masonry-shortcode-id-d6078cae88e89920e1aceb092277dd78.resize-by-browser-width .dt-css-grid .wf-cell {\n    width: 25%;\n  }\n  .cssgridlegacy.no-cssgrid .gallery-shortcode.gallery-masonry-shortcode-id-d6078cae88e89920e1aceb092277dd78.resize-by-browser-width .dt-css-grid .wf-cell.double-width,\n  .no-cssgridlegacy.no-cssgrid .gallery-shortcode.gallery-masonry-shortcode-id-d6078cae88e89920e1aceb092277dd78.resize-by-browser-width .dt-css-grid .wf-cell.double-width {\n    width: calc(25%)*2;\n  }\n}\n@media screen and (max-width: 991px) {\n  .gallery-shortcode.gallery-masonry-shortcode-id-d6078cae88e89920e1aceb092277dd78.resize-by-browser-width .dt-css-grid {\n    grid-template-columns: repeat(3,1fr);\n  }\n  .cssgridlegacy.no-cssgrid .gallery-shortcode.gallery-masonry-shortcode-id-d6078cae88e89920e1aceb092277dd78.resize-by-browser-width .dt-css-grid .wf-cell,\n  .no-cssgridlegacy.no-cssgrid .gallery-shortcode.gallery-masonry-shortcode-id-d6078cae88e89920e1aceb092277dd78.resize-by-browser-width .dt-css-grid .wf-cell {\n    width: 33.333333333333%;\n  }\n  .cssgridlegacy.no-cssgrid .gallery-shortcode.gallery-masonry-shortcode-id-d6078cae88e89920e1aceb092277dd78.resize-by-browser-width .dt-css-grid .wf-cell.double-width,\n  .no-cssgridlegacy.no-cssgrid .gallery-shortcode.gallery-masonry-shortcode-id-d6078cae88e89920e1aceb092277dd78.resize-by-browser-width .dt-css-grid .wf-cell.double-width {\n    width: calc(33.333333333333%)*2;\n  }\n}\n@media screen and (max-width: 767px) {\n  .gallery-shortcode.gallery-masonry-shortcode-id-d6078cae88e89920e1aceb092277dd78.resize-by-browser-width .dt-css-grid {\n    grid-template-columns: repeat(2,1fr);\n  }\n  .cssgridlegacy.no-cssgrid .gallery-shortcode.gallery-masonry-shortcode-id-d6078cae88e89920e1aceb092277dd78.resize-by-browser-width .dt-css-grid .wf-cell,\n  .no-cssgridlegacy.no-cssgrid .gallery-shortcode.gallery-masonry-shortcode-id-d6078cae88e89920e1aceb092277dd78.resize-by-browser-width .dt-css-grid .wf-cell {\n    width: 50%;\n  }\n  .cssgridlegacy.no-cssgrid .gallery-shortcode.gallery-masonry-shortcode-id-d6078cae88e89920e1aceb092277dd78.resize-by-browser-width .dt-css-grid .wf-cell.double-width,\n  .no-cssgridlegacy.no-cssgrid .gallery-shortcode.gallery-masonry-shortcode-id-d6078cae88e89920e1aceb092277dd78.resize-by-browser-width .dt-css-grid .wf-cell.double-width {\n    width: calc(50%)*2;\n  }\n}\n<\/style><div class=\"gallery-shortcode dt-gallery-container gallery-masonry-shortcode-id-d6078cae88e89920e1aceb092277dd78 mode-grid jquery-filter dt-icon-bg-off quick-scale-img dt-css-grid-wrap enable-bg-rollover resize-by-browser-width  hover-fade loading-effect-none description-on-hover\" data-padding=\"5px\" data-cur-page=\"1\" data-post-limit=\"-1\" data-pagination-mode=\"none\" data-desktop-columns-num=\"6\" data-v-tablet-columns-num=\"3\" data-h-tablet-columns-num=\"4\" data-phone-columns-num=\"2\" data-width=\"0px\" data-columns=\"0\"><div class=\"dt-css-grid\" ><div class=\"wf-cell\" data-post-id=\"1725\" data-date=\"2020-06-02T19:18:24-03:00\" data-name=\"Aluvi Construcciones SA\"><figure class=\"post visible\"><a href=\"https:\/\/www.aluviconstrucciones.com.ar\/wp-content\/uploads\/2020\/06\/RETRATO01-1.jpg\" class=\"rollover dt-pswp-item layzr-bg\" data-large_image_width=\"1498\" data-large_image_height=\"1000\" data-dt-img-description=\"\" title=\"Aluvi Construcciones SA\"><img fetchpriority=\"high\" decoding=\"async\" class=\"preload-me iso-lazy-load aspect\" src=\"data:image\/svg+xml,%3Csvg%20xmlns%3D&#39;http%3A%2F%2Fwww.w3.org%2F2000%2Fsvg&#39;%20viewBox%3D&#39;0%200%20379%20253&#39;%2F%3E\" data-src=\"https:\/\/www.aluviconstrucciones.com.ar\/wp-content\/uploads\/2020\/06\/RETRATO01-1-379x253.jpg\" data-srcset=\"https:\/\/www.aluviconstrucciones.com.ar\/wp-content\/uploads\/2020\/06\/RETRATO01-1-379x253.jpg 379w, https:\/\/www.aluviconstrucciones.com.ar\/wp-content\/uploads\/2020\/06\/RETRATO01-1-569x380.jpg 569w\" loading=\"eager\" style=\"--ratio: 379 \/ 253\" sizes=\"(max-width: 379px) 100vw, 379px\" alt=\"\" width=\"379\" height=\"253\"  \/><span class=\"gallery-rollover\"><span class=\"gallery-zoom-ico icomoon-the7-font-the7-zoom-06\"><span><\/span><\/span><\/span><\/a><\/figure><\/div><div class=\"wf-cell\" data-post-id=\"1726\" data-date=\"2020-06-02T19:18:28-03:00\" data-name=\"Aluvi Construcciones SA\"><figure class=\"post visible\"><a href=\"https:\/\/www.aluviconstrucciones.com.ar\/wp-content\/uploads\/2020\/06\/RETRATO02-1.jpg\" class=\"rollover dt-pswp-item layzr-bg\" data-large_image_width=\"1498\" data-large_image_height=\"1000\" data-dt-img-description=\"\" title=\"Aluvi Construcciones SA\"><img decoding=\"async\" class=\"preload-me iso-lazy-load aspect\" src=\"data:image\/svg+xml,%3Csvg%20xmlns%3D&#39;http%3A%2F%2Fwww.w3.org%2F2000%2Fsvg&#39;%20viewBox%3D&#39;0%200%20379%20253&#39;%2F%3E\" data-src=\"https:\/\/www.aluviconstrucciones.com.ar\/wp-content\/uploads\/2020\/06\/RETRATO02-1-379x253.jpg\" data-srcset=\"https:\/\/www.aluviconstrucciones.com.ar\/wp-content\/uploads\/2020\/06\/RETRATO02-1-379x253.jpg 379w, https:\/\/www.aluviconstrucciones.com.ar\/wp-content\/uploads\/2020\/06\/RETRATO02-1-569x380.jpg 569w\" loading=\"eager\" style=\"--ratio: 379 \/ 253\" sizes=\"(max-width: 379px) 100vw, 379px\" alt=\"\" width=\"379\" height=\"253\"  \/><span class=\"gallery-rollover\"><span class=\"gallery-zoom-ico icomoon-the7-font-the7-zoom-06\"><span><\/span><\/span><\/span><\/a><\/figure><\/div><div class=\"wf-cell\" data-post-id=\"1727\" data-date=\"2020-06-02T19:18:41-03:00\" data-name=\"Aluvi Construcciones SA\"><figure class=\"post visible\"><a href=\"https:\/\/www.aluviconstrucciones.com.ar\/wp-content\/uploads\/2020\/06\/RETRATO03-1.jpg\" class=\"rollover dt-pswp-item layzr-bg\" data-large_image_width=\"1498\" data-large_image_height=\"1000\" data-dt-img-description=\"\" title=\"Aluvi Construcciones SA\"><img decoding=\"async\" class=\"preload-me iso-lazy-load aspect\" src=\"data:image\/svg+xml,%3Csvg%20xmlns%3D&#39;http%3A%2F%2Fwww.w3.org%2F2000%2Fsvg&#39;%20viewBox%3D&#39;0%200%20379%20253&#39;%2F%3E\" data-src=\"https:\/\/www.aluviconstrucciones.com.ar\/wp-content\/uploads\/2020\/06\/RETRATO03-1-379x253.jpg\" data-srcset=\"https:\/\/www.aluviconstrucciones.com.ar\/wp-content\/uploads\/2020\/06\/RETRATO03-1-379x253.jpg 379w, https:\/\/www.aluviconstrucciones.com.ar\/wp-content\/uploads\/2020\/06\/RETRATO03-1-569x380.jpg 569w\" loading=\"eager\" style=\"--ratio: 379 \/ 253\" sizes=\"(max-width: 379px) 100vw, 379px\" alt=\"\" width=\"379\" height=\"253\"  \/><span class=\"gallery-rollover\"><span class=\"gallery-zoom-ico icomoon-the7-font-the7-zoom-06\"><span><\/span><\/span><\/span><\/a><\/figure><\/div><div class=\"wf-cell\" data-post-id=\"1728\" data-date=\"2020-06-02T19:18:51-03:00\" data-name=\"Aluvi Construcciones SA\"><figure class=\"post visible\"><a href=\"https:\/\/www.aluviconstrucciones.com.ar\/wp-content\/uploads\/2020\/06\/RETRATO04-1.jpg\" class=\"rollover dt-pswp-item layzr-bg\" data-large_image_width=\"1498\" data-large_image_height=\"1000\" data-dt-img-description=\"\" title=\"Aluvi Construcciones SA\"><img decoding=\"async\" class=\"preload-me iso-lazy-load aspect\" src=\"data:image\/svg+xml,%3Csvg%20xmlns%3D&#39;http%3A%2F%2Fwww.w3.org%2F2000%2Fsvg&#39;%20viewBox%3D&#39;0%200%20379%20253&#39;%2F%3E\" data-src=\"https:\/\/www.aluviconstrucciones.com.ar\/wp-content\/uploads\/2020\/06\/RETRATO04-1-379x253.jpg\" data-srcset=\"https:\/\/www.aluviconstrucciones.com.ar\/wp-content\/uploads\/2020\/06\/RETRATO04-1-379x253.jpg 379w, https:\/\/www.aluviconstrucciones.com.ar\/wp-content\/uploads\/2020\/06\/RETRATO04-1-569x380.jpg 569w\" loading=\"eager\" style=\"--ratio: 379 \/ 253\" sizes=\"(max-width: 379px) 100vw, 379px\" alt=\"\" width=\"379\" height=\"253\"  \/><span class=\"gallery-rollover\"><span class=\"gallery-zoom-ico icomoon-the7-font-the7-zoom-06\"><span><\/span><\/span><\/span><\/a><\/figure><\/div><div class=\"wf-cell\" data-post-id=\"1730\" data-date=\"2020-06-02T19:19:01-03:00\" data-name=\"Aluvi Construcciones SA\"><figure class=\"post visible\"><a href=\"https:\/\/www.aluviconstrucciones.com.ar\/wp-content\/uploads\/2020\/06\/RETRATO06-1.jpg\" class=\"rollover dt-pswp-item layzr-bg\" data-large_image_width=\"1498\" data-large_image_height=\"1000\" data-dt-img-description=\"\" title=\"Aluvi Construcciones SA\"><img decoding=\"async\" class=\"preload-me iso-lazy-load aspect\" src=\"data:image\/svg+xml,%3Csvg%20xmlns%3D&#39;http%3A%2F%2Fwww.w3.org%2F2000%2Fsvg&#39;%20viewBox%3D&#39;0%200%20379%20253&#39;%2F%3E\" data-src=\"https:\/\/www.aluviconstrucciones.com.ar\/wp-content\/uploads\/2020\/06\/RETRATO06-1-379x253.jpg\" data-srcset=\"https:\/\/www.aluviconstrucciones.com.ar\/wp-content\/uploads\/2020\/06\/RETRATO06-1-379x253.jpg 379w, https:\/\/www.aluviconstrucciones.com.ar\/wp-content\/uploads\/2020\/06\/RETRATO06-1-569x380.jpg 569w\" loading=\"eager\" style=\"--ratio: 379 \/ 253\" sizes=\"(max-width: 379px) 100vw, 379px\" alt=\"\" width=\"379\" height=\"253\"  \/><span class=\"gallery-rollover\"><span class=\"gallery-zoom-ico icomoon-the7-font-the7-zoom-06\"><span><\/span><\/span><\/span><\/a><\/figure><\/div><div class=\"wf-cell\" data-post-id=\"1731\" data-date=\"2020-06-02T19:19:10-03:00\" data-name=\"Aluvi Construcciones SA\"><figure class=\"post visible\"><a href=\"https:\/\/www.aluviconstrucciones.com.ar\/wp-content\/uploads\/2020\/06\/RETRATO07-1.jpg\" class=\"rollover dt-pswp-item layzr-bg\" data-large_image_width=\"1498\" data-large_image_height=\"1000\" data-dt-img-description=\"\" title=\"Aluvi Construcciones SA\"><img decoding=\"async\" class=\"preload-me iso-lazy-load aspect\" src=\"data:image\/svg+xml,%3Csvg%20xmlns%3D&#39;http%3A%2F%2Fwww.w3.org%2F2000%2Fsvg&#39;%20viewBox%3D&#39;0%200%20379%20253&#39;%2F%3E\" data-src=\"https:\/\/www.aluviconstrucciones.com.ar\/wp-content\/uploads\/2020\/06\/RETRATO07-1-379x253.jpg\" data-srcset=\"https:\/\/www.aluviconstrucciones.com.ar\/wp-content\/uploads\/2020\/06\/RETRATO07-1-379x253.jpg 379w, https:\/\/www.aluviconstrucciones.com.ar\/wp-content\/uploads\/2020\/06\/RETRATO07-1-569x380.jpg 569w\" loading=\"eager\" style=\"--ratio: 379 \/ 253\" sizes=\"(max-width: 379px) 100vw, 379px\" alt=\"\" width=\"379\" height=\"253\"  \/><span class=\"gallery-rollover\"><span class=\"gallery-zoom-ico icomoon-the7-font-the7-zoom-06\"><span><\/span><\/span><\/span><\/a><\/figure><\/div><div class=\"wf-cell\" data-post-id=\"1729\" data-date=\"2020-06-02T19:18:55-03:00\" data-name=\"Aluvi Construcciones SA\"><figure class=\"post visible\"><a href=\"https:\/\/www.aluviconstrucciones.com.ar\/wp-content\/uploads\/2020\/06\/RETRATO05-1.jpg\" class=\"rollover dt-pswp-item layzr-bg\" data-large_image_width=\"1498\" data-large_image_height=\"1000\" data-dt-img-description=\"\" title=\"Aluvi Construcciones SA\"><img decoding=\"async\" class=\"preload-me iso-lazy-load aspect\" src=\"data:image\/svg+xml,%3Csvg%20xmlns%3D&#39;http%3A%2F%2Fwww.w3.org%2F2000%2Fsvg&#39;%20viewBox%3D&#39;0%200%20379%20253&#39;%2F%3E\" data-src=\"https:\/\/www.aluviconstrucciones.com.ar\/wp-content\/uploads\/2020\/06\/RETRATO05-1-379x253.jpg\" data-srcset=\"https:\/\/www.aluviconstrucciones.com.ar\/wp-content\/uploads\/2020\/06\/RETRATO05-1-379x253.jpg 379w, https:\/\/www.aluviconstrucciones.com.ar\/wp-content\/uploads\/2020\/06\/RETRATO05-1-569x380.jpg 569w\" loading=\"eager\" style=\"--ratio: 379 \/ 253\" sizes=\"(max-width: 379px) 100vw, 379px\" alt=\"\" width=\"379\" height=\"253\"  \/><span class=\"gallery-rollover\"><span class=\"gallery-zoom-ico icomoon-the7-font-the7-zoom-06\"><span><\/span><\/span><\/span><\/a><\/figure><\/div><\/div><!-- iso-container|iso-grid --><\/div>[\/vc_column][\/vc_row][vc_row][vc_column][vc_empty_space][\/vc_column][\/vc_row]<\/p>\n<\/div>","protected":false},"excerpt":{"rendered":"<p>[vc_row][vc_column][vc_column_text] Nuestra Historia Aluvi Construcciones fue fundado por Ra\u00fal Oliveira en su primer sede ubicada en el barrio de Parque Chacabuco en el a\u00f1o 1978. Desde ese lugar se desempe\u00f1\u00f3 como principal centro de distribuci\u00f3n oficial de Vidrier\u00eda Argentina S.A, mejor conocido como VASA. A\u00f1o 1985 En el a\u00f1o 1985 suma la distribuci\u00f3n de venta&hellip;<\/p>\n","protected":false},"author":1,"featured_media":0,"parent":0,"menu_order":1,"comment_status":"closed","ping_status":"closed","template":"","meta":{"footnotes":"","_joinchat":[]},"_links":{"self":[{"href":"https:\/\/www.aluviconstrucciones.com.ar\/index.php\/wp-json\/wp\/v2\/pages\/154"}],"collection":[{"href":"https:\/\/www.aluviconstrucciones.com.ar\/index.php\/wp-json\/wp\/v2\/pages"}],"about":[{"href":"https:\/\/www.aluviconstrucciones.com.ar\/index.php\/wp-json\/wp\/v2\/types\/page"}],"author":[{"embeddable":true,"href":"https:\/\/www.aluviconstrucciones.com.ar\/index.php\/wp-json\/wp\/v2\/users\/1"}],"replies":[{"embeddable":true,"href":"https:\/\/www.aluviconstrucciones.com.ar\/index.php\/wp-json\/wp\/v2\/comments?post=154"}],"version-history":[{"count":9,"href":"https:\/\/www.aluviconstrucciones.com.ar\/index.php\/wp-json\/wp\/v2\/pages\/154\/revisions"}],"predecessor-version":[{"id":1828,"href":"https:\/\/www.aluviconstrucciones.com.ar\/index.php\/wp-json\/wp\/v2\/pages\/154\/revisions\/1828"}],"wp:attachment":[{"href":"https:\/\/www.aluviconstrucciones.com.ar\/index.php\/wp-json\/wp\/v2\/media?parent=154"}],"curies":[{"name":"wp","href":"https:\/\/api.w.org\/{rel}","templated":true}]}}