{"id":1690,"date":"2020-06-01T23:57:02","date_gmt":"2020-06-02T02:57:02","guid":{"rendered":"http:\/\/www.aluviconstrucciones.com.ar\/?page_id=1690"},"modified":"2020-06-02T00:11:03","modified_gmt":"2020-06-02T03:11:03","slug":"espejo","status":"publish","type":"page","link":"https:\/\/www.aluviconstrucciones.com.ar\/index.php\/espejo\/","title":{"rendered":"Reflectivos"},"content":{"rendered":"\n<div class=\"wp-block-image\"><figure class=\"alignright size-large\"><img fetchpriority=\"high\" decoding=\"async\" width=\"225\" height=\"300\" src=\"http:\/\/www.aluviconstrucciones.com.ar\/wp-content\/uploads\/2020\/05\/laminado-coollite.jpg\" alt=\"LAMINADO COOL LITE \u00ae ST\/STB\" class=\"wp-image-1559\"\/><\/figure><\/div>\n\n\n\n<p><strong>LAMINADO COOL LITE \u00ae ST\/STB<\/strong><br>La l\u00ednea de vidrios laminados reflectivos. Est\u00e1 dise\u00f1ada con el fin de reducir en gran medida la transmisi\u00f3n de calor por radiaci\u00f3n solar al interior de los edificios. <br>Su proceso de metalizaci\u00f3n en vac\u00edo (soft-coat), garantiza menores coeficientes de sombra, proporcionando un gran confort en el ambiente y disminuyendo los consumos de energ\u00eda que generan los sistemas de refrigeraci\u00f3n. <br>Disponible en vidrio laminado con PVB 4+4 mm de espesor, en color gris (ST) y en color azul (STB), en hojas de 3210 x 2400 mm. <\/p>\n\n\n\n<p>Ficha T\u00e9cnica: <a rel=\"noreferrer noopener\" href=\"http:\/\/www.aluviconstrucciones.com.ar\/wp-content\/uploads\/2020\/05\/04-FICHA-Cool-Lite-St.pdf\" target=\"_blank\">Cool Lite \u00ae ST<\/a><br><br><br><br><br><br><\/p>\n\n\n\n<div class=\"wp-block-image\"><figure class=\"alignright size-large\"><img decoding=\"async\" width=\"300\" height=\"250\" src=\"http:\/\/www.aluviconstrucciones.com.ar\/wp-content\/uploads\/2020\/05\/eclipse.jpg\" alt=\"ECLIPSE ADVANTAGE\u00ae\" class=\"wp-image-1562\"\/><\/figure><\/div>\n\n\n\n<p><strong>ECLIPSE ADVANTAGE\u00ae<\/strong><\/p>\n\n\n\n<p>El vidrio Eclipse Advantage\u00ae es fabricado bajo un proceso pirol\u00edtico patentado por la firma Pilkington\u00ae. Este proceso se lleva a cabo con altas temperaturas donde se los depositan sobre una de las caras del vidrio float generando una capa reflectante incolora.<br>Dando por resultado un producto que combina el control solar y t\u00e9rmico con una alta transmisi\u00f3n de la luz visible, una baja reflectividad y colores de gran definici\u00f3n.<\/p>\n\n\n\n<p>Disponible en vidrio 6 mm de espesor, en color Clear, Gris, Bronce, Artic Blue, Ever Green, Blue Green. En hojas de 3300 x 2440 mm.<\/p>\n","protected":false},"excerpt":{"rendered":"<p>LAMINADO COOL LITE \u00ae ST\/STBLa l\u00ednea de vidrios laminados reflectivos. Est\u00e1 dise\u00f1ada con el fin de reducir en gran medida la transmisi\u00f3n de calor por radiaci\u00f3n solar al interior de los edificios. Su proceso de metalizaci\u00f3n en vac\u00edo (soft-coat), garantiza menores coeficientes de sombra, proporcionando un gran confort en el ambiente y disminuyendo los consumos&hellip;<\/p>\n","protected":false},"author":1,"featured_media":0,"parent":0,"menu_order":0,"comment_status":"closed","ping_status":"closed","template":"","meta":{"footnotes":"","_joinchat":[]},"_links":{"self":[{"href":"https:\/\/www.aluviconstrucciones.com.ar\/index.php\/wp-json\/wp\/v2\/pages\/1690"}],"collection":[{"href":"https:\/\/www.aluviconstrucciones.com.ar\/index.php\/wp-json\/wp\/v2\/pages"}],"about":[{"href":"https:\/\/www.aluviconstrucciones.com.ar\/index.php\/wp-json\/wp\/v2\/types\/page"}],"author":[{"embeddable":true,"href":"https:\/\/www.aluviconstrucciones.com.ar\/index.php\/wp-json\/wp\/v2\/users\/1"}],"replies":[{"embeddable":true,"href":"https:\/\/www.aluviconstrucciones.com.ar\/index.php\/wp-json\/wp\/v2\/comments?post=1690"}],"version-history":[{"count":2,"href":"https:\/\/www.aluviconstrucciones.com.ar\/index.php\/wp-json\/wp\/v2\/pages\/1690\/revisions"}],"predecessor-version":[{"id":1704,"href":"https:\/\/www.aluviconstrucciones.com.ar\/index.php\/wp-json\/wp\/v2\/pages\/1690\/revisions\/1704"}],"wp:attachment":[{"href":"https:\/\/www.aluviconstrucciones.com.ar\/index.php\/wp-json\/wp\/v2\/media?parent=1690"}],"curies":[{"name":"wp","href":"https:\/\/api.w.org\/{rel}","templated":true}]}}