{"id":1696,"date":"2020-06-02T00:03:52","date_gmt":"2020-06-02T03:03:52","guid":{"rendered":"http:\/\/www.aluviconstrucciones.com.ar\/?page_id=1696"},"modified":"2020-06-02T00:16:10","modified_gmt":"2020-06-02T03:16:10","slug":"high-performance","status":"publish","type":"page","link":"https:\/\/www.aluviconstrucciones.com.ar\/index.php\/high-performance\/","title":{"rendered":"High Performance"},"content":{"rendered":"\n<h2 class=\"wp-block-heading\"><strong>HIGH PERFORMANCE<br>COOL LITE MONOLITICO<\/strong><\/h2>\n\n\n\n<div class=\"wp-block-image\"><figure class=\"alignright size-large\"><img fetchpriority=\"high\" decoding=\"async\" width=\"300\" height=\"332\" src=\"http:\/\/www.aluviconstrucciones.com.ar\/wp-content\/uploads\/2020\/05\/coollite.jpg\" alt=\"\" class=\"wp-image-1567\" srcset=\"https:\/\/www.aluviconstrucciones.com.ar\/wp-content\/uploads\/2020\/05\/coollite.jpg 300w, https:\/\/www.aluviconstrucciones.com.ar\/wp-content\/uploads\/2020\/05\/coollite-271x300.jpg 271w\" sizes=\"(max-width: 300px) 100vw, 300px\" \/><\/figure><\/div>\n\n\n\n<p>Son vidrios revestidos en capa blanda fabricados mediante el proceso magnetr\u00f3nico de deposici\u00f3n en vac\u00edo. El revestimiento est\u00e1 especialmente dise\u00f1ado para reflejar de forma selectiva la radiaci\u00f3n infrarroja solar y terrestre y al mismo tiempo permitir la transmisi\u00f3n de la luz visible en altos porcentajes.<\/p>\n\n\n\n<p><strong>COOL LITE \u00ae KNT<\/strong><\/p>\n\n\n\n<p>Son vidrios de control solar y baja emisividad, tonalizados o neutros, para uso en edificios comerciales y residenciales, para fachadas con curtain wall, ventanas y cubiertas. Poseen excelentes coeficientes \u00f3ptico &#8211; t\u00e9rmicos y una variada gama de tonalidades reflectivas.<\/p>\n\n\n\n<p>Disponible en 6 mm en hojas de 3210 x 2200 \/ 2400 \/ 2540 mm y 3600 x 2540 mm.<\/p>\n\n\n\n<p>Ficha T\u00e9cnica: <a rel=\"noreferrer noopener\" href=\"http:\/\/www.aluviconstrucciones.com.ar\/wp-content\/uploads\/2020\/05\/02-FICHA-Cool-lite-Knt-y-Ks-II.pdf\" target=\"_blank\">Cool Lite\u00ae KNT \/ Cool Lite\u00ae KS II<\/a><br><br><\/p>\n\n\n\n<p><strong>COOL LITE\u00ae SKN\/SKN II<\/strong><\/p>\n\n\n\n<p>Son vidrios de control solar y alta selectividad, para uso en edificios comerciales y residenciales, tanto en fachadas como cubiertas. Gracias a la combinaci\u00f3n de m\u00faltiples capas reflectivas, el rendimiento \u00f3ptico &#8211; t\u00e9rmico alcanzando por estos cristales los ubican entre los vidrios de m\u00e1s altas prestaciones.<\/p>\n\n\n\n<p>Disponible en 6 mm en hojas de 3210 x 2200 \/ 2400 \/ 2540 mm y 3600 x 2540.<\/p>\n\n\n\n<p>Ficha T\u00e9cnica: <a rel=\"noreferrer noopener\" href=\"http:\/\/www.aluviconstrucciones.com.ar\/wp-content\/uploads\/2020\/05\/03-FICHA-Cool-Lite-SKN-II-y-XTREME-II.pdf\" target=\"_blank\">Cool Lite \u00ae SKN II \/ Cool Lite \u00ae XTREME II<\/a><\/p>\n\n\n\n<div class=\"wp-block-image\"><figure class=\"alignright size-large\"><img decoding=\"async\" width=\"300\" height=\"382\" src=\"http:\/\/www.aluviconstrucciones.com.ar\/wp-content\/uploads\/2020\/05\/coollite-extreme.jpg\" alt=\"\" class=\"wp-image-1572\" srcset=\"https:\/\/www.aluviconstrucciones.com.ar\/wp-content\/uploads\/2020\/05\/coollite-extreme.jpg 300w, https:\/\/www.aluviconstrucciones.com.ar\/wp-content\/uploads\/2020\/05\/coollite-extreme-236x300.jpg 236w\" sizes=\"(max-width: 300px) 100vw, 300px\" \/><\/figure><\/div>\n\n\n\n<p><strong>COOL LITE \u00ae XTREME 60-28<\/strong><\/p>\n\n\n\n<p>Este vidrio revolucionario presenta inmejorables atributos. Transmite un 60% de lumicidad y el factor solar lo hacen ideal para edificios sustentables en los cuales se busca la m\u00e1xima eficiencia energ\u00e9tica. Gracias al bajo coeficiente de transmisi\u00f3n t\u00e9rmica lo hacen ideal para ahorro energ\u00e9tica en sistemas de climatizaci\u00f3n.<br>Acompa\u00f1ando las exigencias de la arquitectura moderna estos vidrios son ideales para<\/p>\n\n\n\n<p><strong>ADVANTAGE LOW-E<\/strong><\/p>\n\n\n\n<p>Son cristales Float \u00ae con un revestimiento de baja emisividad en una de sus caras que permite que buena parte de la radiaci\u00f3n solar de onda corta atraviese el vidrio y refleje la mayor parte de la radiaci\u00f3n de calor de onda larga, que producen, entre otras fuentes, los sistemas de calefacci\u00f3n, conservandolo en el interior. El couting de baja emisividad se aplica sobre el vidrio en caliente durante su fabricaci\u00f3n.<br>Dado que es obtenido mediante un proceso pirol\u00edtico, puede ser templado, termoendurecido, curvado y laminado. Su est\u00e9tica viene en color neutro casi incolora, combinable en DVH con cualquier cristal, f\u00e1cil de procesar.<\/p>\n\n\n\n<p>Ficha T\u00e9cnica: <a rel=\"noreferrer noopener\" href=\"http:\/\/www.aluviconstrucciones.com.ar\/wp-content\/uploads\/2020\/05\/05-FICHA-Energy-Advantage-LowE.pdf\" target=\"_blank\">Energy Advantage Low-E<\/a><br><br><\/p>\n","protected":false},"excerpt":{"rendered":"<p>HIGH PERFORMANCECOOL LITE MONOLITICO Son vidrios revestidos en capa blanda fabricados mediante el proceso magnetr\u00f3nico de deposici\u00f3n en vac\u00edo. El revestimiento est\u00e1 especialmente dise\u00f1ado para reflejar de forma selectiva la radiaci\u00f3n infrarroja solar y terrestre y al mismo tiempo permitir la transmisi\u00f3n de la luz visible en altos porcentajes. COOL LITE \u00ae KNT Son vidrios&hellip;<\/p>\n","protected":false},"author":1,"featured_media":0,"parent":0,"menu_order":0,"comment_status":"closed","ping_status":"closed","template":"","meta":{"footnotes":"","_joinchat":[]},"_links":{"self":[{"href":"https:\/\/www.aluviconstrucciones.com.ar\/index.php\/wp-json\/wp\/v2\/pages\/1696"}],"collection":[{"href":"https:\/\/www.aluviconstrucciones.com.ar\/index.php\/wp-json\/wp\/v2\/pages"}],"about":[{"href":"https:\/\/www.aluviconstrucciones.com.ar\/index.php\/wp-json\/wp\/v2\/types\/page"}],"author":[{"embeddable":true,"href":"https:\/\/www.aluviconstrucciones.com.ar\/index.php\/wp-json\/wp\/v2\/users\/1"}],"replies":[{"embeddable":true,"href":"https:\/\/www.aluviconstrucciones.com.ar\/index.php\/wp-json\/wp\/v2\/comments?post=1696"}],"version-history":[{"count":2,"href":"https:\/\/www.aluviconstrucciones.com.ar\/index.php\/wp-json\/wp\/v2\/pages\/1696\/revisions"}],"predecessor-version":[{"id":1708,"href":"https:\/\/www.aluviconstrucciones.com.ar\/index.php\/wp-json\/wp\/v2\/pages\/1696\/revisions\/1708"}],"wp:attachment":[{"href":"https:\/\/www.aluviconstrucciones.com.ar\/index.php\/wp-json\/wp\/v2\/media?parent=1696"}],"curies":[{"name":"wp","href":"https:\/\/api.w.org\/{rel}","templated":true}]}}