{"id":1700,"date":"2020-06-02T00:07:22","date_gmt":"2020-06-02T03:07:22","guid":{"rendered":"http:\/\/www.aluviconstrucciones.com.ar\/?page_id=1700"},"modified":"2020-06-02T00:07:24","modified_gmt":"2020-06-02T03:07:24","slug":"contra-fuego","status":"publish","type":"page","link":"https:\/\/www.aluviconstrucciones.com.ar\/index.php\/contra-fuego\/","title":{"rendered":"Contra Fuego"},"content":{"rendered":"\n<div class=\"wp-block-image\"><figure class=\"alignright size-large\"><img fetchpriority=\"high\" decoding=\"async\" width=\"249\" height=\"352\" src=\"http:\/\/www.aluviconstrucciones.com.ar\/wp-content\/uploads\/2020\/05\/pyroshield.jpg\" alt=\"\" class=\"wp-image-1576\" srcset=\"https:\/\/www.aluviconstrucciones.com.ar\/wp-content\/uploads\/2020\/05\/pyroshield.jpg 249w, https:\/\/www.aluviconstrucciones.com.ar\/wp-content\/uploads\/2020\/05\/pyroshield-212x300.jpg 212w\" sizes=\"(max-width: 249px) 100vw, 249px\" \/><\/figure><\/div>\n\n\n\n<p><strong>PYROSHIELD \u00ae<\/strong><\/p>\n\n\n\n<p>Como lo indica su nombre en ingles \u201cPyroshield \u201c significa escudo de fuego.<br>Para que una hoja vidriada pueda ser clasificada como resistente al paso del fuego debe cumplir satisfactoriamente dos condiciones: Estabilidad e Integridad durante el tiempo especificado. La linea de vidrios contra fuego Pyroshield constituye una alternativa t\u00e9cnico-econ\u00f3mica m\u00e1s empleada cuando se requiere un cerramiento transparente para retardar la propagaci\u00f3n del fuego en aberturas. Pyroshield en sus versiones Clear y Safety, es el vidrio m\u00e1s especificado por los especialistas en todo el mundo.<\/p>\n\n\n\n<p>Puede encontrarse como Incoloro Transparente, se fabrica en 7,2 mm de espesor y se suministra en hojas de 1980 y 3300 mm. Pyroshield en sus dos versiones puede ser cortado y pulido sin dificultad con herramientas menores. Pyroshield Safety es un vidrio de seguridad que satisface la clase C de la norma Iram 12559 de vidrios de seguridad.<\/p>\n\n\n\n<p>Ficha T\u00e9cnica: <a rel=\"noreferrer noopener\" href=\"http:\/\/www.aluviconstrucciones.com.ar\/wp-content\/uploads\/2020\/05\/06-FICHA-Pyrostop.pdf\" target=\"_blank\">Pyrostop\u00ae<\/a><\/p>\n\n\n\n<p><strong>PYROSTOP\u00ae y PYRODUR\u00ae<\/strong><\/p>\n\n\n\n<p>La l\u00ednea de vidrios Pyrodur y Pyrostop constituye el mayor avance en materia de productos transparentes para retardar la propagaci\u00f3n del fuego en edificios. Desarrollados por Pilkington, son vidrios de muy alto valor agregado que presentan un aspecto id\u00e9ntico al de un vidrio com\u00fan incoloro. Poseen probadas caracter\u00edsticas como barrera contra fuego m\u00e1s un elevado \u00edndice de aislamiento de calor que impide que la temperatura sobre la cara supere los 180\u00b0 C.<\/p>\n\n\n\n<div class=\"wp-block-image\"><figure class=\"alignright size-large\"><img decoding=\"async\" width=\"249\" height=\"265\" src=\"http:\/\/www.aluviconstrucciones.com.ar\/wp-content\/uploads\/2020\/05\/pyrostop.jpg\" alt=\"\" class=\"wp-image-1580\"\/><\/figure><\/div>\n\n\n\n<p><strong>PYROSTOP\u00ae<\/strong><\/p>\n\n\n\n<p>Su hoja est\u00e1 compuesta por tres o m\u00e1s hojas de Float laminadas entre s\u00ed con sendas capas de resina intumescente, incolora y transparente, la que ante una elevaci\u00f3n de la temperatura superior a 140\u00b0C, reacciona aumentando de volumen formando una capa opaca de color<br>blanco resistente al paso del fuego. Posee propiedades de aislamiento t\u00e9rmico para evitar la ignici\u00f3n por radiaci\u00f3n de materiales combustibles adyacentes al vidrio. Se fabrica a pedido y a medida para satisfacer diferentes grados de resistencia al fuego y aislaci\u00f3n t\u00e9rmica. Cuando la resistencia al fuego es de 90 &#8211; 120 min.<br><br><\/p>\n\n\n\n<p><strong>PYRODUR\u00ae<\/strong><\/p>\n\n\n\n<p>Compuesto por dos hojas Float Laminadas entre s\u00ed con una resina intumescente, incolora y transparente, la que cuando la temperatura supere supere los 140\u00b0C, reaccionara aumentando de volumen formando una capa opaca de color blanco con una resistencia al paso del fuego de 60 minutos. Su capacidad de aislamiento t\u00e9rmico solo alcanza los 15 minutos Pyrodur puede ser cortado como el vidrio laminado o bien empleando una sierra que contenga un disco diamantado.<\/p>\n\n\n\n<div class=\"wp-block-image\"><figure class=\"aligncenter size-large\"><img decoding=\"async\" width=\"423\" height=\"240\" src=\"http:\/\/www.aluviconstrucciones.com.ar\/wp-content\/uploads\/2020\/05\/pyrodur.jpg\" alt=\"\" class=\"wp-image-1581\" srcset=\"https:\/\/www.aluviconstrucciones.com.ar\/wp-content\/uploads\/2020\/05\/pyrodur.jpg 423w, https:\/\/www.aluviconstrucciones.com.ar\/wp-content\/uploads\/2020\/05\/pyrodur-300x170.jpg 300w\" sizes=\"(max-width: 423px) 100vw, 423px\" \/><\/figure><\/div>\n\n\n\n<p><\/p>\n","protected":false},"excerpt":{"rendered":"<p>PYROSHIELD \u00ae Como lo indica su nombre en ingles \u201cPyroshield \u201c significa escudo de fuego.Para que una hoja vidriada pueda ser clasificada como resistente al paso del fuego debe cumplir satisfactoriamente dos condiciones: Estabilidad e Integridad durante el tiempo especificado. La linea de vidrios contra fuego Pyroshield constituye una alternativa t\u00e9cnico-econ\u00f3mica m\u00e1s empleada cuando se&hellip;<\/p>\n","protected":false},"author":1,"featured_media":0,"parent":0,"menu_order":0,"comment_status":"closed","ping_status":"closed","template":"","meta":{"footnotes":"","_joinchat":[]},"_links":{"self":[{"href":"https:\/\/www.aluviconstrucciones.com.ar\/index.php\/wp-json\/wp\/v2\/pages\/1700"}],"collection":[{"href":"https:\/\/www.aluviconstrucciones.com.ar\/index.php\/wp-json\/wp\/v2\/pages"}],"about":[{"href":"https:\/\/www.aluviconstrucciones.com.ar\/index.php\/wp-json\/wp\/v2\/types\/page"}],"author":[{"embeddable":true,"href":"https:\/\/www.aluviconstrucciones.com.ar\/index.php\/wp-json\/wp\/v2\/users\/1"}],"replies":[{"embeddable":true,"href":"https:\/\/www.aluviconstrucciones.com.ar\/index.php\/wp-json\/wp\/v2\/comments?post=1700"}],"version-history":[{"count":1,"href":"https:\/\/www.aluviconstrucciones.com.ar\/index.php\/wp-json\/wp\/v2\/pages\/1700\/revisions"}],"predecessor-version":[{"id":1701,"href":"https:\/\/www.aluviconstrucciones.com.ar\/index.php\/wp-json\/wp\/v2\/pages\/1700\/revisions\/1701"}],"wp:attachment":[{"href":"https:\/\/www.aluviconstrucciones.com.ar\/index.php\/wp-json\/wp\/v2\/media?parent=1700"}],"curies":[{"name":"wp","href":"https:\/\/api.w.org\/{rel}","templated":true}]}}