{"id":1705,"date":"2020-06-02T00:14:32","date_gmt":"2020-06-02T03:14:32","guid":{"rendered":"http:\/\/www.aluviconstrucciones.com.ar\/?page_id=1705"},"modified":"2020-06-02T00:14:34","modified_gmt":"2020-06-02T03:14:34","slug":"control-solar","status":"publish","type":"page","link":"https:\/\/www.aluviconstrucciones.com.ar\/index.php\/control-solar\/","title":{"rendered":"Control Solar"},"content":{"rendered":"\n<p><strong> HOJAS CONTROL SOLAR<\/strong><\/p>\n\n\n\n<p>Los vidrios de control solar son la soluci\u00f3n completa para aquellos vidriados ubicados en frentes con una amplia radiaci\u00f3n solar directa y para todas las zonas con clima, c\u00e1lido y tropical. Al incorporar un vidrio de control solar las ganancias de radiaci\u00f3n directa se disminuyen notoriamente, reduciendo no s\u00f3lo el consumo de energ\u00eda sino tambi\u00e9n el dimensionamiento energ\u00e9tico de equipos de refrigeraci\u00f3n para brindar un confort adecuado. Por otro lado, el control solar es importante al proyectar un espacio interior de confort y evitar el deslumbramiento excesivo.<br><br>Ficha T\u00e9cnica: <a rel=\"noreferrer noopener\" href=\"http:\/\/www.aluviconstrucciones.com.ar\/wp-content\/uploads\/2020\/05\/01-FICHA-Blindex-Solar.pdf\" target=\"_blank\">Blindex Solar<\/a> &#8211; <a href=\"http:\/\/www.aluviconstrucciones.com.ar\/wp-content\/uploads\/2020\/05\/07-FICHA-SOLAR-E.pdf\" target=\"_blank\" rel=\"noreferrer noopener\">Solar-E \u00ae<\/a><br><\/p>\n","protected":false},"excerpt":{"rendered":"<p>HOJAS CONTROL SOLAR Los vidrios de control solar son la soluci\u00f3n completa para aquellos vidriados ubicados en frentes con una amplia radiaci\u00f3n solar directa y para todas las zonas con clima, c\u00e1lido y tropical. Al incorporar un vidrio de control solar las ganancias de radiaci\u00f3n directa se disminuyen notoriamente, reduciendo no s\u00f3lo el consumo de&hellip;<\/p>\n","protected":false},"author":1,"featured_media":0,"parent":0,"menu_order":0,"comment_status":"closed","ping_status":"closed","template":"","meta":{"footnotes":"","_joinchat":[]},"_links":{"self":[{"href":"https:\/\/www.aluviconstrucciones.com.ar\/index.php\/wp-json\/wp\/v2\/pages\/1705"}],"collection":[{"href":"https:\/\/www.aluviconstrucciones.com.ar\/index.php\/wp-json\/wp\/v2\/pages"}],"about":[{"href":"https:\/\/www.aluviconstrucciones.com.ar\/index.php\/wp-json\/wp\/v2\/types\/page"}],"author":[{"embeddable":true,"href":"https:\/\/www.aluviconstrucciones.com.ar\/index.php\/wp-json\/wp\/v2\/users\/1"}],"replies":[{"embeddable":true,"href":"https:\/\/www.aluviconstrucciones.com.ar\/index.php\/wp-json\/wp\/v2\/comments?post=1705"}],"version-history":[{"count":1,"href":"https:\/\/www.aluviconstrucciones.com.ar\/index.php\/wp-json\/wp\/v2\/pages\/1705\/revisions"}],"predecessor-version":[{"id":1706,"href":"https:\/\/www.aluviconstrucciones.com.ar\/index.php\/wp-json\/wp\/v2\/pages\/1705\/revisions\/1706"}],"wp:attachment":[{"href":"https:\/\/www.aluviconstrucciones.com.ar\/index.php\/wp-json\/wp\/v2\/media?parent=1705"}],"curies":[{"name":"wp","href":"https:\/\/api.w.org\/{rel}","templated":true}]}}