{"id":1754,"date":"2020-06-11T12:32:37","date_gmt":"2020-06-11T15:32:37","guid":{"rendered":"http:\/\/www.aluviconstrucciones.com.ar\/?page_id=1754"},"modified":"2020-06-11T13:41:33","modified_gmt":"2020-06-11T16:41:33","slug":"texturados","status":"publish","type":"page","link":"https:\/\/www.aluviconstrucciones.com.ar\/index.php\/texturados\/","title":{"rendered":"Texturados"},"content":{"rendered":"\n<p>La l\u00ednea Texturados son tradicionalmente empleados en peque\u00f1as aberturas de locales que requieren una intimidad visual. Hoy se utilizan con nuevos criterios de dise\u00f1o en una amplia gama de destinos, que entre otros, incluyen el equipamiento de interiores, la arquitectura comercial y la decoraci\u00f3n en general.<\/p>\n\n\n\n<p><strong><em>Disponibilidad<\/em><\/strong><\/p>\n\n\n\n<figure class=\"wp-block-table is-style-regular\"><table><tbody><tr><td class=\"has-text-align-center\" data-align=\"center\"><img decoding=\"async\" src=\"http:\/\/www.aluviconstrucciones.com.ar\/wp-content\/uploads\/2020\/06\/Martele-Incoloro.jpg\" alt=\"\"><br>MARTELE INCOLORO<\/td><td class=\"has-text-align-center\" data-align=\"center\"><img decoding=\"async\" width=\"109\" height=\"109\" class=\"wp-image-1764\" style=\"width: 109px;\" src=\"http:\/\/www.aluviconstrucciones.com.ar\/wp-content\/uploads\/2020\/06\/Martele-Verde.jpg\" alt=\"\"><br>MARTELE VERDE<\/td><td class=\"has-text-align-center\" data-align=\"center\"><img decoding=\"async\" width=\"109\" height=\"109\" class=\"wp-image-1760\" style=\"width: 109px;\" src=\"http:\/\/www.aluviconstrucciones.com.ar\/wp-content\/uploads\/2020\/06\/Martele-Ambar.jpg\" alt=\"\"><br>MARTELE AMBAR<\/td><td class=\"has-text-align-center\" data-align=\"center\"><img decoding=\"async\" width=\"109\" height=\"109\" class=\"wp-image-1761\" style=\"width: 109px;\" src=\"http:\/\/www.aluviconstrucciones.com.ar\/wp-content\/uploads\/2020\/06\/Martele-Azul.jpg\" alt=\"\"><br>MARTELE AZUL<\/td><td class=\"has-text-align-center\" data-align=\"center\"><img loading=\"lazy\" decoding=\"async\" width=\"109\" height=\"109\" class=\"wp-image-1759\" style=\"width: 109px;\" src=\"http:\/\/www.aluviconstrucciones.com.ar\/wp-content\/uploads\/2020\/06\/Graphite-Gris-Oscuro.jpg\" alt=\"\"><br>GRAPHITE<\/td><\/tr><tr><td class=\"has-text-align-center\" data-align=\"center\"><img loading=\"lazy\" decoding=\"async\" width=\"118\" height=\"118\" class=\"wp-image-1770\" style=\"width: 118px;\" src=\"http:\/\/www.aluviconstrucciones.com.ar\/wp-content\/uploads\/2020\/06\/Austral.jpg\" alt=\"\"><br>AUSTRAL&nbsp;<\/td><td class=\"has-text-align-center\" data-align=\"center\"><img loading=\"lazy\" decoding=\"async\" width=\"118\" height=\"118\" class=\"wp-image-1771\" style=\"width: 118px;\" src=\"http:\/\/www.aluviconstrucciones.com.ar\/wp-content\/uploads\/2020\/06\/Sycamore.jpg\" alt=\"\"><br>SYCAMORE&nbsp;<\/td><td class=\"has-text-align-center\" data-align=\"center\"><img loading=\"lazy\" decoding=\"async\" width=\"109\" height=\"109\" class=\"wp-image-1767\" style=\"width: 109px;\" src=\"http:\/\/www.aluviconstrucciones.com.ar\/wp-content\/uploads\/2020\/06\/Stipolite-Incoloro.jpg\" alt=\"\"><br>STIPOLITE<\/td><td class=\"has-text-align-center\" data-align=\"center\"><img loading=\"lazy\" decoding=\"async\" width=\"109\" height=\"109\" class=\"wp-image-1766\" style=\"width: 109px;\" src=\"http:\/\/www.aluviconstrucciones.com.ar\/wp-content\/uploads\/2020\/06\/Pacific-Incoloro.jpg\" alt=\"\"><br>PACIFIC<\/td><td class=\"has-text-align-center\" data-align=\"center\"><img loading=\"lazy\" decoding=\"async\" width=\"109\" height=\"109\" class=\"wp-image-1758\" style=\"width: 109px;\" src=\"http:\/\/www.aluviconstrucciones.com.ar\/wp-content\/uploads\/2020\/06\/Dreamline-Incoloro.jpg\" alt=\"\"><br>DREAMLINE<\/td><\/tr><\/tbody><\/table><figcaption><br><br><\/figcaption><\/figure>\n\n\n\n<div class=\"wp-block-image\"><figure class=\"alignright size-large\"><img loading=\"lazy\" decoding=\"async\" width=\"210\" height=\"210\" src=\"http:\/\/www.aluviconstrucciones.com.ar\/wp-content\/uploads\/2020\/06\/Difuso.jpg\" alt=\"\" class=\"wp-image-1775\" srcset=\"https:\/\/www.aluviconstrucciones.com.ar\/wp-content\/uploads\/2020\/06\/Difuso.jpg 210w, https:\/\/www.aluviconstrucciones.com.ar\/wp-content\/uploads\/2020\/06\/Difuso-150x150.jpg 150w\" sizes=\"(max-width: 210px) 100vw, 210px\" \/><\/figure><\/div>\n\n\n\n<p><strong>DIFUSO<\/strong><\/p>\n\n\n\n<p>Desarrollado exclusivamente para proteger l\u00e1minas, cuadros y fotograf\u00edas. <br>Su superficie levemente texturada aten\u00faa las molestias que causa el reflejo de la luz sobre las caras brillantes de un vidrio com\u00fan permitiendo una visi\u00f3n clara minimizando los reflejos de luminarias y fuentes de luz natural.<br><br><br><br><br><\/p>\n\n\n\n<p><\/p>\n\n\n\n<div class=\"wp-block-image\"><figure class=\"alignright size-large\"><img loading=\"lazy\" decoding=\"async\" width=\"226\" height=\"261\" src=\"http:\/\/www.aluviconstrucciones.com.ar\/wp-content\/uploads\/2020\/06\/armado.jpg\" alt=\"\" class=\"wp-image-1756\"\/><\/figure><\/div>\n\n\n\n<p><strong>ARMADO<\/strong><\/p>\n\n\n\n<p>Vidrio transl\u00facido al cual se le incorpora durante su fabricaci\u00f3n una malla de alambre de acero, con una trama de 12 x 12 mm. que, en caso de rotura act\u00faa como soporte temporario del pa\u00f1o de vidrio, evitando la ca\u00edda de fragmentos de vidrio.<\/p>\n","protected":false},"excerpt":{"rendered":"<p>La l\u00ednea Texturados son tradicionalmente empleados en peque\u00f1as aberturas de locales que requieren una intimidad visual. Hoy se utilizan con nuevos criterios de dise\u00f1o en una amplia gama de destinos, que entre otros, incluyen el equipamiento de interiores, la arquitectura comercial y la decoraci\u00f3n en general. Disponibilidad MARTELE INCOLORO MARTELE VERDE MARTELE AMBAR MARTELE AZUL&hellip;<\/p>\n","protected":false},"author":1,"featured_media":0,"parent":0,"menu_order":0,"comment_status":"closed","ping_status":"closed","template":"","meta":{"footnotes":"","_joinchat":[]},"_links":{"self":[{"href":"https:\/\/www.aluviconstrucciones.com.ar\/index.php\/wp-json\/wp\/v2\/pages\/1754"}],"collection":[{"href":"https:\/\/www.aluviconstrucciones.com.ar\/index.php\/wp-json\/wp\/v2\/pages"}],"about":[{"href":"https:\/\/www.aluviconstrucciones.com.ar\/index.php\/wp-json\/wp\/v2\/types\/page"}],"author":[{"embeddable":true,"href":"https:\/\/www.aluviconstrucciones.com.ar\/index.php\/wp-json\/wp\/v2\/users\/1"}],"replies":[{"embeddable":true,"href":"https:\/\/www.aluviconstrucciones.com.ar\/index.php\/wp-json\/wp\/v2\/comments?post=1754"}],"version-history":[{"count":8,"href":"https:\/\/www.aluviconstrucciones.com.ar\/index.php\/wp-json\/wp\/v2\/pages\/1754\/revisions"}],"predecessor-version":[{"id":1779,"href":"https:\/\/www.aluviconstrucciones.com.ar\/index.php\/wp-json\/wp\/v2\/pages\/1754\/revisions\/1779"}],"wp:attachment":[{"href":"https:\/\/www.aluviconstrucciones.com.ar\/index.php\/wp-json\/wp\/v2\/media?parent=1754"}],"curies":[{"name":"wp","href":"https:\/\/api.w.org\/{rel}","templated":true}]}}